{"id":7843,"date":"2025-06-19T11:58:44","date_gmt":"2025-06-19T09:58:44","guid":{"rendered":"https:\/\/www.salto-mode.de\/?page_id=7843"},"modified":"2025-07-04T15:06:36","modified_gmt":"2025-07-04T13:06:36","slug":"philosophie-nachhaltigkeit","status":"publish","type":"page","link":"http:\/\/www.salto-mode.de\/en\/philosophie-nachhaltigkeit\/","title":{"rendered":"Philosophy"},"content":{"rendered":"<div  class=\"tatsu-g6vlovyimg26k75l tatsu-section    tatsu-clearfix\" data-title=\"\"  data-headerscheme=\"background--dark\"><div class='tatsu-section-pad clearfix' data-padding='{\"d\":\"90px 0% 90px 0%\"}' data-padding-top='90px'><div class=\"tatsu-row-wrap  tatsu-wrap tatsu-row-one-col tatsu-row-has-one-cols tatsu-medium-gutter tatsu-reg-cols  tatsu-clearfix tatsu-g6vlovyiop5l79w4\" ><div  class=\"tatsu-row\" ><div  class=\"tatsu-column  tatsu-column-no-bg tatsu-one-col tatsu-column-image-none tatsu-column-effect-none  tatsu-g6vlovyiqpfr9as5\"  data-parallax-speed=\"0\" style=\"\"><div class=\"tatsu-column-inner\" ><div class=\"tatsu-column-pad-wrap\"><div class=\"tatsu-column-pad\" ><div  class=\"tatsu-module tatsu-text-block-wrap tatsu-g6vlovyisjf9uwq9\"><div class=\"tatsu-text-inner tatsu-align-center  clearfix\" ><style>.tatsu-g6vlovyisjf9uwq9.tatsu-text-block-wrap .tatsu-text-inner{width: 55%;text-align: left;}@media only screen and (min-width:768px) and (max-width: 1024px) {.tatsu-g6vlovyisjf9uwq9.tatsu-text-block-wrap .tatsu-text-inner{width: 72%;}}@media only screen and (max-width: 767px) {.tatsu-g6vlovyisjf9uwq9.tatsu-text-block-wrap .tatsu-text-inner{width: 97%;}}<\/style>\n<p style=\"font-weight: 400;\">Unser Versprechen: Echte Verantwortung statt leerer Worte<\/p>\n<p><span style=\"font-size: 18pt;\"><strong>SALTO \u2013 <b>ausdrucksstarke, nachhaltige Schals und T\u00fccher aus Berlin\u00a0<\/b><\/strong><\/span><\/p>\n<p style=\"font-weight: 400;\">Wir entwerfen Schals und T\u00fccher mit klarem Designanspruch und tiefem Verantwortungsbewusstsein. Unsere Kollektionen entstehen mitten im kreativen Berlin, gefertigt mit handwerklicher Sorgfalt und langj\u00e4hriger Erfahrung in Indien.<\/p>\n<p style=\"font-weight: 400;\">Dabei orientieren wir uns an unserem eigenen Standard: \u00d6kologie, soziale Verantwortung und h\u00f6chste Qualit\u00e4t gehen bei uns Hand in Hand.<\/p>\n<p style=\"font-weight: 400;\">Wir wissen: Nachhaltigkeit ist kein Ziel, sondern ein Weg. Und diesen Weg gehen wir mit Klarheit, Respekt und Haltung.<\/p>\n<p style=\"font-weight: 400;\"><strong>Unsere \u00f6kologischen Standards<\/strong><\/p>\n<ul style=\"font-weight: 400;\">\n<li>Nur nat\u00fcrliche Materialien: Baumwolle, Wolle, Seide, Leinen<\/li>\n<li>Ressourcenschonende, planvolle Mengensteuerung<\/li>\n<li>Versand komplett plastikfrei<\/li>\n<li>Verpackungen aus recycelbaren Materialien<\/li>\n<li>Transportwege optimiert, um Emissionen zu reduzieren<\/li>\n<\/ul>\n<p style=\"font-weight: 400;\"><strong>Unsere sozialen Standards<\/strong><\/p>\n<ul style=\"font-weight: 400;\">\n<li>Langj\u00e4hrige, faire Partnerschaften mit Produzent:innen in Indien<\/li>\n<li>Hauptlieferanten mehrfach gepr\u00fcft und zum Teil zertifiziert;\u00a0 Auditberichte werden regelm\u00e4\u00dfig aktualisiert (z.\u202fB. BSCI, SMETA, GOTS)<\/li>\n<li>Keine Kinder- oder Zwangsarbeit<\/li>\n<li>Faire L\u00f6hne, mindestens gesetzlich vorgeschrieben oder h\u00f6her<\/li>\n<\/ul>\n<p style=\"font-weight: 400;\"><strong>Qualit\u00e4t &#038; Langlebigkeit<\/strong><\/p>\n<ul style=\"font-weight: 400;\">\n<li>Zeitlose, kunstvolle Designs<\/li>\n<li>Hochwertige Verarbeitung f\u00fcr lange Freude<\/li>\n<li>Strenge Qualit\u00e4tskontrollen bei jedem St\u00fcck<\/li>\n<li>Produkte, die Sie \u00fcber Jahre begleiten<\/li>\n<\/ul>\n<p style=\"font-weight: 400;\"><strong>Ein offener Prozess<\/strong><\/p>\n<p style=\"font-weight: 400;\">Wir setzen auf Transparenz und geben ehrlich zu: nicht alles ist perfekt, aber vieles wird jeden Tag besser. Gemeinsam mit unseren Partner:innen und Kund:innen wollen wir diesen Weg gehen, voneinander lernen und wachsen.<\/p>\n<p style=\"font-weight: 400;\"><strong>Werden Sie Teil unseres Weges<\/strong><\/p>\n<p style=\"font-weight: 400;\">Sie f\u00fchren ein Gesch\u00e4ft oder einen Weltladen und suchen ein Label mit Haltung, hochwertigen Produkten und pers\u00f6nlichem Kontakt? Dann freuen wir uns auf Sie.<\/p>\n<p style=\"font-weight: 400;\">Als H\u00e4ndler:in sind Sie unser Bindeglied zu den Kund:innen. Daf\u00fcr unterst\u00fctzen wir Sie mit attraktiven Konditionen, verl\u00e4sslichem Service und passenden Verkaufsmaterialien.<\/p>\n<p style=\"font-weight: 400;\">Fon: 030\u00a0 61709494<br \/>\n<a href=\"mailto:info@salto-mode.de\">info@salto-mode.de<\/a><\/p>\n<\/div><\/div><\/div><\/div><div class = \"tatsu-column-bg-image-wrap\"><div class = \"tatsu-column-bg-image\" ><\/div><\/div><\/div><style>.tatsu-row > .tatsu-g6vlovyiqpfr9as5.tatsu-column{width: 100%;}.tatsu-g6vlovyiqpfr9as5.tatsu-column > .tatsu-column-inner > .tatsu-column-overlay{mix-blend-mode: none;}.tatsu-g6vlovyiqpfr9as5 > .tatsu-column-inner > .tatsu-top-divider{z-index: 9999;}.tatsu-g6vlovyiqpfr9as5 > .tatsu-column-inner > .tatsu-bottom-divider{z-index: 9999;}.tatsu-g6vlovyiqpfr9as5 > .tatsu-column-inner > .tatsu-left-divider{z-index: 9999;}.tatsu-g6vlovyiqpfr9as5 > .tatsu-column-inner > .tatsu-right-divider{z-index: 9999;}@media only screen and (max-width:1377px) {.tatsu-row > .tatsu-g6vlovyiqpfr9as5.tatsu-column{width: 100%;}}@media only screen and (min-width:768px) and (max-width: 1024px) {.tatsu-row > .tatsu-g6vlovyiqpfr9as5.tatsu-column{width: 100%;}}@media only screen and (max-width: 767px) {.tatsu-row > .tatsu-g6vlovyiqpfr9as5.tatsu-column{width: 100%;}}<\/style><\/div><\/div><\/div><\/div><div class=\"tatsu-section-background-wrap\"><div class = \"tatsu-section-background\" ><\/div><\/div><style>.tatsu-g6vlovyimg26k75l .tatsu-section-pad{padding: 90px 0% 90px 0%;}.tatsu-g6vlovyimg26k75l > .tatsu-bottom-divider{z-index: 9999;}.tatsu-g6vlovyimg26k75l > .tatsu-top-divider{z-index: 9999;}<\/style><\/div>","protected":false},"excerpt":{"rendered":"<p><a href=\"http:\/\/www.salto-mode.de\/en\/philosophie-nachhaltigkeit\/\" class=\"more-link style1-button\">Read More<\/a><\/p>","protected":false},"author":2,"featured_media":0,"parent":0,"menu_order":4,"comment_status":"closed","ping_status":"closed","template":"","meta":[],"acf":[],"yoast_head":"<!-- This site is optimized with the Yoast SEO plugin v20.12 - https:\/\/yoast.com\/wordpress\/plugins\/seo\/ -->\n<title>Philosophie - SALTO<\/title>\n<meta name=\"description\" content=\"kreativ - nat\u00fcrlich - zuverl\u00e4ssig. SALTO - Produzent und Gro\u00dfhandel zugleich. Nachhaltige Naturmaterialien, GOTS zertifizierte Baumwolle.\" \/>\n<meta name=\"robots\" content=\"index, follow, max-snippet:-1, max-image-preview:large, max-video-preview:-1\" \/>\n<link rel=\"canonical\" href=\"http:\/\/www.salto-mode.de\/en\/philosophie-nachhaltigkeit\/\" \/>\n<meta property=\"og:locale\" content=\"en_US\" \/>\n<meta property=\"og:type\" content=\"article\" \/>\n<meta property=\"og:title\" content=\"Philosophie - SALTO\" \/>\n<meta property=\"og:description\" content=\"kreativ - nat\u00fcrlich - zuverl\u00e4ssig. SALTO - Produzent und Gro\u00dfhandel zugleich. Nachhaltige Naturmaterialien, GOTS zertifizierte Baumwolle.\" \/>\n<meta property=\"og:url\" content=\"http:\/\/www.salto-mode.de\/en\/philosophie-nachhaltigkeit\/\" \/>\n<meta property=\"og:site_name\" content=\"SALTO\" \/>\n<meta property=\"article:modified_time\" content=\"2025-07-04T13:06:36+00:00\" \/>\n<meta name=\"twitter:card\" content=\"summary_large_image\" \/>\n<meta name=\"twitter:label1\" content=\"Est. reading time\" \/>\n\t<meta name=\"twitter:data1\" content=\"4 minutes\" \/>\n<script type=\"application\/ld+json\" class=\"yoast-schema-graph\">{\"@context\":\"https:\/\/schema.org\",\"@graph\":[{\"@type\":\"WebPage\",\"@id\":\"https:\/\/www.salto-mode.de\/philosophie-nachhaltigkeit\/\",\"url\":\"https:\/\/www.salto-mode.de\/philosophie-nachhaltigkeit\/\",\"name\":\"Philosophie - SALTO\",\"isPartOf\":{\"@id\":\"https:\/\/www.salto-mode.de\/#website\"},\"datePublished\":\"2025-06-19T09:58:44+00:00\",\"dateModified\":\"2025-07-04T13:06:36+00:00\",\"description\":\"kreativ - nat\u00fcrlich - zuverl\u00e4ssig. SALTO - Produzent und Gro\u00dfhandel zugleich. Nachhaltige Naturmaterialien, GOTS zertifizierte Baumwolle.\",\"breadcrumb\":{\"@id\":\"https:\/\/www.salto-mode.de\/philosophie-nachhaltigkeit\/#breadcrumb\"},\"inLanguage\":\"en-US\",\"potentialAction\":[{\"@type\":\"ReadAction\",\"target\":[\"https:\/\/www.salto-mode.de\/philosophie-nachhaltigkeit\/\"]}]},{\"@type\":\"BreadcrumbList\",\"@id\":\"https:\/\/www.salto-mode.de\/philosophie-nachhaltigkeit\/#breadcrumb\",\"itemListElement\":[{\"@type\":\"ListItem\",\"position\":1,\"name\":\"Startseite\",\"item\":\"https:\/\/www.salto-mode.de\/\"},{\"@type\":\"ListItem\",\"position\":2,\"name\":\"Philosophie\"}]},{\"@type\":\"WebSite\",\"@id\":\"https:\/\/www.salto-mode.de\/#website\",\"url\":\"https:\/\/www.salto-mode.de\/\",\"name\":\"SALTO\",\"description\":\"nat\u00fcrlich feine Schals\",\"potentialAction\":[{\"@type\":\"SearchAction\",\"target\":{\"@type\":\"EntryPoint\",\"urlTemplate\":\"https:\/\/www.salto-mode.de\/?s={search_term_string}\"},\"query-input\":\"required name=search_term_string\"}],\"inLanguage\":\"en-US\"}]}<\/script>\n<!-- \/ Yoast SEO plugin. -->","yoast_head_json":{"title":"Philosophie - SALTO","description":"kreativ - nat\u00fcrlich - zuverl\u00e4ssig. SALTO - Produzent und Gro\u00dfhandel zugleich. Nachhaltige Naturmaterialien, GOTS zertifizierte Baumwolle.","robots":{"index":"index","follow":"follow","max-snippet":"max-snippet:-1","max-image-preview":"max-image-preview:large","max-video-preview":"max-video-preview:-1"},"canonical":"http:\/\/www.salto-mode.de\/en\/philosophie-nachhaltigkeit\/","og_locale":"en_US","og_type":"article","og_title":"Philosophie - SALTO","og_description":"kreativ - nat\u00fcrlich - zuverl\u00e4ssig. SALTO - Produzent und Gro\u00dfhandel zugleich. Nachhaltige Naturmaterialien, GOTS zertifizierte Baumwolle.","og_url":"http:\/\/www.salto-mode.de\/en\/philosophie-nachhaltigkeit\/","og_site_name":"SALTO","article_modified_time":"2025-07-04T13:06:36+00:00","twitter_card":"summary_large_image","twitter_misc":{"Est. reading time":"4 minutes"},"schema":{"@context":"https:\/\/schema.org","@graph":[{"@type":"WebPage","@id":"https:\/\/www.salto-mode.de\/philosophie-nachhaltigkeit\/","url":"https:\/\/www.salto-mode.de\/philosophie-nachhaltigkeit\/","name":"Philosophie - SALTO","isPartOf":{"@id":"https:\/\/www.salto-mode.de\/#website"},"datePublished":"2025-06-19T09:58:44+00:00","dateModified":"2025-07-04T13:06:36+00:00","description":"kreativ - nat\u00fcrlich - zuverl\u00e4ssig. SALTO - Produzent und Gro\u00dfhandel zugleich. Nachhaltige Naturmaterialien, GOTS zertifizierte Baumwolle.","breadcrumb":{"@id":"https:\/\/www.salto-mode.de\/philosophie-nachhaltigkeit\/#breadcrumb"},"inLanguage":"en-US","potentialAction":[{"@type":"ReadAction","target":["https:\/\/www.salto-mode.de\/philosophie-nachhaltigkeit\/"]}]},{"@type":"BreadcrumbList","@id":"https:\/\/www.salto-mode.de\/philosophie-nachhaltigkeit\/#breadcrumb","itemListElement":[{"@type":"ListItem","position":1,"name":"Startseite","item":"https:\/\/www.salto-mode.de\/"},{"@type":"ListItem","position":2,"name":"Philosophie"}]},{"@type":"WebSite","@id":"https:\/\/www.salto-mode.de\/#website","url":"https:\/\/www.salto-mode.de\/","name":"SALTO","description":"nat\u00fcrlich feine Schals","potentialAction":[{"@type":"SearchAction","target":{"@type":"EntryPoint","urlTemplate":"https:\/\/www.salto-mode.de\/?s={search_term_string}"},"query-input":"required name=search_term_string"}],"inLanguage":"en-US"}]}},"_links":{"self":[{"href":"http:\/\/www.salto-mode.de\/en\/wp-json\/wp\/v2\/pages\/7843"}],"collection":[{"href":"http:\/\/www.salto-mode.de\/en\/wp-json\/wp\/v2\/pages"}],"about":[{"href":"http:\/\/www.salto-mode.de\/en\/wp-json\/wp\/v2\/types\/page"}],"author":[{"embeddable":true,"href":"http:\/\/www.salto-mode.de\/en\/wp-json\/wp\/v2\/users\/2"}],"replies":[{"embeddable":true,"href":"http:\/\/www.salto-mode.de\/en\/wp-json\/wp\/v2\/comments?post=7843"}],"version-history":[{"count":29,"href":"http:\/\/www.salto-mode.de\/en\/wp-json\/wp\/v2\/pages\/7843\/revisions"}],"predecessor-version":[{"id":7894,"href":"http:\/\/www.salto-mode.de\/en\/wp-json\/wp\/v2\/pages\/7843\/revisions\/7894"}],"wp:attachment":[{"href":"http:\/\/www.salto-mode.de\/en\/wp-json\/wp\/v2\/media?parent=7843"}],"curies":[{"name":"wp","href":"https:\/\/api.w.org\/{rel}","templated":true}]}}