{"id":14,"date":"2016-05-14T12:52:40","date_gmt":"2016-05-14T10:52:40","guid":{"rendered":"http:\/\/www.salto-mode.de\/NEWSITE\/?page_id=14"},"modified":"2026-02-06T13:08:44","modified_gmt":"2026-02-06T12:08:44","slug":"schal-grosshandel-hersteller","status":"publish","type":"page","link":"https:\/\/www.salto-mode.de\/en\/","title":{"rendered":"Home"},"content":{"rendered":"<div  class=\"tatsu-g6vv08d5jg19s0j3 tatsu-section    tatsu-clearfix\" data-title=\"\"  data-headerscheme=\"background--light\"><div class='tatsu-section-pad clearfix' data-padding='{\"d\":\"90px 0% 18px 0%\"}' data-padding-top='90px'><div class=\"tatsu-row-wrap  tatsu-row-full-width tatsu-row-has-one-half tatsu-row-has-two-cols tatsu-zero-margin tatsu-no-gutter tatsu-eq-cols  tatsu-clearfix tatsu-g6vv08d5m0fjuxqj\" ><div  class=\"tatsu-row\" ><div  class=\"tatsu-column  tatsu-column-empty tatsu-one-half tatsu-column-align-middle tatsu-column-image-none tatsu-column-effect-none  tatsu-g6vv08d5of4cwgta\"  data-parallax-speed=\"0\" style=\"\"><div class=\"tatsu-column-inner\" ><div class=\"tatsu-column-pad-wrap\"><div class=\"tatsu-column-pad\" ><\/div><\/div><div class = \"tatsu-column-bg-image-wrap\"><div class = \"tatsu-column-bg-image\" ><\/div><\/div><\/div><style>.tatsu-row > .tatsu-g6vv08d5of4cwgta.tatsu-column{width: 49.89%;}.tatsu-g6vv08d5of4cwgta.tatsu-column > .tatsu-column-inner > .tatsu-column-bg-image-wrap > .tatsu-column-bg-image{background-image: url(https:\/\/www.salto-mode.de\/wp-content\/uploads\/2026\/02\/Salto_IONA_614XX_Titel_02-Kopie-scaled.jpg);background-repeat: no-repeat;background-attachment: scroll;background-position: center center;background-size: cover;}.tatsu-g6vv08d5of4cwgta.tatsu-column > .tatsu-column-inner > .tatsu-bg-blur{background-repeat: no-repeat;background-attachment: scroll;background-position: center center;background-size: cover;}.tatsu-g6vv08d5of4cwgta.tatsu-column > .tatsu-column-inner > .tatsu-column-pad-wrap > .tatsu-column-pad{padding: 0% 0% 0% 0%;}.tatsu-g6vv08d5of4cwgta.tatsu-column > .tatsu-column-inner > .tatsu-column-overlay{mix-blend-mode: none;}.tatsu-g6vv08d5of4cwgta > .tatsu-column-inner > .tatsu-top-divider{z-index: 9999;}.tatsu-g6vv08d5of4cwgta > .tatsu-column-inner > .tatsu-bottom-divider{z-index: 9999;}.tatsu-g6vv08d5of4cwgta > .tatsu-column-inner > .tatsu-left-divider{z-index: 9999;}.tatsu-g6vv08d5of4cwgta > .tatsu-column-inner > .tatsu-right-divider{z-index: 9999;}@media only screen and (max-width: 767px) {.tatsu-row > .tatsu-g6vv08d5of4cwgta.tatsu-column{width: 100%;}}<\/style><\/div><div  class=\"tatsu-column  tatsu-column-no-bg tatsu-one-half tatsu-column-align-middle tatsu-column-image-none tatsu-column-effect-none  tatsu-g6vv08d5ptc2wp2f\"  data-parallax-speed=\"0\" style=\"\"><div class=\"tatsu-column-inner\" ><div class=\"tatsu-column-pad-wrap\"><div class=\"tatsu-column-pad\" ><div  class=\"tatsu-single-image tatsu-module align-center tatsu-image-lazyload tatsu-hgryvpx1mo1v59ix\" ><div class=\"tatsu-single-image-inner\" style=\"width : 200px;\" ><div class = \"tatsu-single-image-padding-wrap\" style = \"padding-bottom : 36%;\" ><\/div><img class = \"tatsu-gradient-border\" alt = \"Logo-Salto\" title = \"Logo-Salto\" data-src = \"https:\/\/www.salto-mode.de\/wp-content\/uploads\/2021\/02\/Logo-Salto_200-1.png\" src =\"data:image\/png;base64,iVBORw0KGgoAAAANSUhEUgAAAAEAAAABCAQAAAC1HAwCAAAAC0lEQVR42mNkYAAAAAYAAjCB0C8AAAAASUVORK5CYII=\"  \/><\/div><style>.tatsu-hgryvpx1mo1v59ix .tatsu-single-image-inner{border-style: solid;max-width: 100%;}.tatsu-hgryvpx1mo1v59ix.tatsu-single-image{transform: translate3d(0px,0px, 0);}<\/style><\/div><div  class=\"tatsu-module tatsu-text-block-wrap tatsu-g6vv08d5rp9z0tjk\"><div class=\"tatsu-text-inner tatsu-align-center  clearfix\" ><style>.tatsu-g6vv08d5rp9z0tjk.tatsu-text-block-wrap .tatsu-text-inner{text-align: left;}<\/style>\n<p>Als Einzelh\u00e4ndler:in entdecken Sie gerade einen leistungsstarken und zuverl\u00e4ssigen Lieferanten im Segment Schals und T\u00fccher aus Naturmaterialien.<br \/>\nHier finden Sie<a href=\"https:\/\/www.salto-mode.de\/en\/fuer-haendler\/\"> weitere Informationen f\u00fcr H\u00e4ndler.<\/a><\/p>\n<p>Sehen (und f\u00fchlen) Sie unsere Kollektionen auf diversen <a href=\"https:\/\/www.salto-mode.de\/en\/messen\/\">Fairs<\/a> im In- und Ausland.<\/p>\n<p>Nehmen Sie\u00a0 <a href=\"mailto:info@salto-mode.de\" target=\"_blank\" rel=\"noopener\">Contact<\/a> auf oder rufen Sie uns an: 030 \/ 6170 94 94<\/p>\n<p>Oder schlendern Sie durch unser Lager in unserem gem\u00fctlichen <a href=\"https:\/\/www.salto-mode.de\/en\/mein-konto\/\">B2B-Webshop<\/a>.<\/p>\n<\/div><\/div><div  class=\"tatsu-module tatsu-normal-button tatsu-button-wrap align-block block-center  tatsu-g6vv08d7mh31tpw2\"><a class=\"tatsu-shortcode largebtn tatsu-button left-icon    bg-animation-none\" href=\"https:\/\/www.salto-mode.de\/en\/mein-konto\/\" style= \"\"  aria-label=\"Zum B2B-Shop\" data-gdpr-atts=\"{}\" >Zum B2B-Shop<\/a><style>.tatsu-g6vv08d7mh31tpw2 .tatsu-button{background-color: #ffffff;color: rgba(197,6,63,1) ;border-width: 2px;border-color: rgba(197,6,63,1); }.tatsu-g6vv08d7mh31tpw2 .tatsu-button:hover{background-color: rgba(197,6,63,1);color: #ffffff ;border-color: rgba(197,6,63,1); }<\/style><\/div><\/div><\/div><div class = \"tatsu-column-bg-image-wrap\"><div class = \"tatsu-column-bg-image\" ><\/div><\/div><\/div><style>.tatsu-row > .tatsu-g6vv08d5ptc2wp2f.tatsu-column{width: 50.11%;}.tatsu-g6vv08d5ptc2wp2f.tatsu-column > .tatsu-column-inner > .tatsu-column-pad-wrap > .tatsu-column-pad{padding: 15% 15% 25% 15%;}.tatsu-g6vv08d5ptc2wp2f.tatsu-column > .tatsu-column-inner > .tatsu-column-overlay{mix-blend-mode: none;}.tatsu-g6vv08d5ptc2wp2f > .tatsu-column-inner > .tatsu-top-divider{z-index: 9999;}.tatsu-g6vv08d5ptc2wp2f > .tatsu-column-inner > .tatsu-bottom-divider{z-index: 9999;}.tatsu-g6vv08d5ptc2wp2f > .tatsu-column-inner > .tatsu-left-divider{z-index: 9999;}.tatsu-g6vv08d5ptc2wp2f > .tatsu-column-inner > .tatsu-right-divider{z-index: 9999;}@media only screen and (max-width: 767px) {.tatsu-row > .tatsu-g6vv08d5ptc2wp2f.tatsu-column{width: 100%;}}<\/style><\/div><\/div><\/div><div class=\"tatsu-row-wrap  tatsu-row-full-width tatsu-row-has-one-half tatsu-row-has-two-cols tatsu-zero-margin tatsu-no-gutter tatsu-eq-cols  tatsu-clearfix tatsu-g6vv08d826b7v0fa\" ><div  class=\"tatsu-row\" ><div  class=\"tatsu-column  tatsu-column-no-bg tatsu-one-half tatsu-column-align-middle tatsu-column-image-none tatsu-column-effect-none  tatsu-g6vv08d84a1ujzye\"  data-parallax-speed=\"0\" style=\"\"><div class=\"tatsu-column-inner\" ><div class=\"tatsu-column-pad-wrap\"><div class=\"tatsu-column-pad\" ><div  class=\"tatsu-single-image tatsu-module align-center tatsu-image-lazyload tatsu-hgrywj4rlb10asud\" ><div class=\"tatsu-single-image-inner\" style=\"width : 200px;\" ><div class = \"tatsu-single-image-padding-wrap\" style = \"padding-bottom : 36%;\" ><\/div><img class = \"tatsu-gradient-border\" alt = \"Logo-Salto\" title = \"Logo-Salto\" data-src = \"https:\/\/www.salto-mode.de\/wp-content\/uploads\/2021\/02\/Logo-Salto_200-1.png\" src =\"data:image\/png;base64,iVBORw0KGgoAAAANSUhEUgAAAAEAAAABCAQAAAC1HAwCAAAAC0lEQVR42mNkYAAAAAYAAjCB0C8AAAAASUVORK5CYII=\"  \/><\/div><style>.tatsu-hgrywj4rlb10asud .tatsu-single-image-inner{border-style: solid;max-width: 100%;}.tatsu-hgrywj4rlb10asud.tatsu-single-image{transform: translate3d(0px,0px, 0);}<\/style><\/div><div  class=\"tatsu-module tatsu-text-block-wrap tatsu-g6vv08d85vb96bx3\"><div class=\"tatsu-text-inner tatsu-align-center  clearfix\" ><style>.tatsu-g6vv08d85vb96bx3.tatsu-text-block-wrap .tatsu-text-inner{text-align: left;}<\/style>\n<p>4 Kollektionen j\u00e4hrlich und immer wieder interessante Quereinsteiger.<\/p>\n<p>SALTO \u2013 das sind Schals und T\u00fccher aus nat\u00fcrlichen Materialien, elegant bis l\u00e4ssig, f\u00fcr die Frau die Wert auf ein selbstbewusstes und nat\u00fcrliches Outfit legt.<\/p>\n<div>\n<div>Die sicht- und sp\u00fcrbare Qualit\u00e4t resultiert aus der ausschlie\u00dflichen Verwendung <a href=\"https:\/\/www.salto-mode.de\/en\/materialien\/\">wertiger<\/a> <a href=\"https:\/\/www.salto-mode.de\/en\/materialien\/\">Naturmaterialien<\/a>.<\/div>\n<\/div>\n<div>\n<div>F\u00fcr unsere Schals und T\u00fccher verwenden wir feine Melangen aus Merinowolle, Seide, Cashmere, Leinen und Baumwolle.<\/div>\n<div><\/div>\n<div>Bet\u00f6rende Farben und handwerkliches Know-how vereinen sich zu einer Umarmung von Mutter Natur.<\/div>\n<\/div>\n<p>Ausdrucksstarke und besondere Dessins machen unsere Schals zu einem begehrten Accessoire.<\/p>\n<div class=\"\"><span class=\"\">H\u00f6chste Qualit\u00e4t gehen bei uns mit \u00d6kologie sowie sozialer Verantwortung Hand in Hand.<\/span><\/div>\n<div class=\"\"><span class=\"\">Hier erfahren Sie mehr \u00fcber unsere <a href=\"https:\/\/www.salto-mode.de\/en\/philosophie-nachhaltigkeit\/\">Philosophie und Nachhaltigkeit<\/a>.<\/span><\/div>\n<div><\/div>\n<p>Schals f\u00fcr Frauen, die das Besondere suchen \u2013 und bei SALTO finden.<\/p>\n<p class=\"p3\" style=\"text-align: center;\"><span style=\"color: #e6023b;\"><strong><span class=\"s1\" style=\"font-size: 18pt;\">Feel Vergn\u00fcgen !<\/span><\/strong><\/span><\/p>\n<\/div><\/div><\/div><\/div><div class = \"tatsu-column-bg-image-wrap\"><div class = \"tatsu-column-bg-image\" ><\/div><\/div><\/div><style>.tatsu-row > .tatsu-g6vv08d84a1ujzye.tatsu-column{width: 50%;}.tatsu-g6vv08d84a1ujzye.tatsu-column > .tatsu-column-inner > .tatsu-column-pad-wrap > .tatsu-column-pad{padding: 25% 15% 25% 15%;}.tatsu-g6vv08d84a1ujzye.tatsu-column > .tatsu-column-inner > .tatsu-column-overlay{mix-blend-mode: none;}.tatsu-g6vv08d84a1ujzye > .tatsu-column-inner > .tatsu-top-divider{z-index: 9999;}.tatsu-g6vv08d84a1ujzye > .tatsu-column-inner > .tatsu-bottom-divider{z-index: 9999;}.tatsu-g6vv08d84a1ujzye > .tatsu-column-inner > .tatsu-left-divider{z-index: 9999;}.tatsu-g6vv08d84a1ujzye > .tatsu-column-inner > .tatsu-right-divider{z-index: 9999;}@media only screen and (max-width: 767px) {.tatsu-row > .tatsu-g6vv08d84a1ujzye.tatsu-column{width: 100%;}}<\/style><\/div><div  class=\"tatsu-column  tatsu-column-empty tatsu-one-half tatsu-column-align-middle tatsu-column-image-none tatsu-column-effect-none  tatsu-g6vv08d8h0a5k18b\"  data-parallax-speed=\"0\" style=\"\"><div class=\"tatsu-column-inner\" ><div class=\"tatsu-column-pad-wrap\"><div class=\"tatsu-column-pad\" ><\/div><\/div><div class = \"tatsu-column-bg-image-wrap\"><div class = \"tatsu-column-bg-image\" ><\/div><\/div><\/div><style>.tatsu-row > .tatsu-g6vv08d8h0a5k18b.tatsu-column{width: 50%;}.tatsu-g6vv08d8h0a5k18b.tatsu-column > .tatsu-column-inner > .tatsu-column-bg-image-wrap > .tatsu-column-bg-image{background-image: url(https:\/\/www.salto-mode.de\/wp-content\/uploads\/2026\/02\/Salto_FEDRA_61413_Titel_Kopie_02.jpg);background-repeat: no-repeat;background-attachment: scroll;background-position: center center;background-size: cover;}.tatsu-g6vv08d8h0a5k18b.tatsu-column > .tatsu-column-inner > .tatsu-bg-blur{background-repeat: no-repeat;background-attachment: scroll;background-position: center center;background-size: cover;}.tatsu-g6vv08d8h0a5k18b.tatsu-column > .tatsu-column-inner > .tatsu-column-pad-wrap > .tatsu-column-pad{padding: 0% 0% 0% 0%;}.tatsu-g6vv08d8h0a5k18b.tatsu-column > .tatsu-column-inner > .tatsu-column-overlay{mix-blend-mode: none;}.tatsu-g6vv08d8h0a5k18b > .tatsu-column-inner > .tatsu-top-divider{z-index: 9999;}.tatsu-g6vv08d8h0a5k18b > .tatsu-column-inner > .tatsu-bottom-divider{z-index: 9999;}.tatsu-g6vv08d8h0a5k18b > .tatsu-column-inner > .tatsu-left-divider{z-index: 9999;}.tatsu-g6vv08d8h0a5k18b > .tatsu-column-inner > .tatsu-right-divider{z-index: 9999;}@media only screen and (max-width: 767px) {.tatsu-row > .tatsu-g6vv08d8h0a5k18b.tatsu-column{width: 100%;}}<\/style><\/div><\/div><\/div><\/div><div class=\"tatsu-section-background-wrap\"><div class = \"tatsu-section-background\" ><\/div><\/div><style>.tatsu-g6vv08d5jg19s0j3{border-width: 0px 0px px 0px;border-style: solid;}.tatsu-g6vv08d5jg19s0j3 .tatsu-section-pad{padding: 90px 0% 18px 0%;}.tatsu-g6vv08d5jg19s0j3 > .tatsu-bottom-divider{z-index: 9999;}.tatsu-g6vv08d5jg19s0j3 > .tatsu-top-divider{z-index: 9999;}<\/style><\/div><div  class=\"tatsu-SJZd9-30x6 tatsu-section  tatsu-bg-overlay   tatsu-clearfix\" data-title=\"\"  data-headerscheme=\"background--dark\"><div class='tatsu-section-pad clearfix' data-padding='{\"d\":\"37px 0px 90px 0px\"}' data-padding-top='37px'><div class=\"tatsu-row-wrap  tatsu-wrap tatsu-row-one-col tatsu-row-has-one-cols tatsu-medium-gutter tatsu-reg-cols  tatsu-clearfix tatsu-r1ldc-3Ax6\" ><div  class=\"tatsu-row\" ><div  class=\"tatsu-column  tatsu-bg-overlay tatsu-one-col tatsu-column-image-none tatsu-column-effect-none  tatsu-BJucW2Ax6\"  data-parallax-speed=\"0\" style=\"\"><div class=\"tatsu-column-inner\" ><div class=\"tatsu-column-pad-wrap\"><div class=\"tatsu-column-pad\" ><div  class=\"tatsu-module tatsu-inline-text clearfix tatsu-B1t2b30xp\" ><style>.tatsu-B1t2b30xp .tatsu-inline-text-inner{width: 100%;text-align: center;}@media only screen and (max-width: 767px) {.tatsu-B1t2b30xp .tatsu-inline-text-inner{width: 100%;}}<\/style><div class=\"tatsu-inline-text-inner tatsu-align-center\">\n<div style=\"caret-color: #000000; color: #000000; font-family: LucidaGrande; font-size: 14px; text-size-adjust: auto;\">\n<div style=\"margin: 0cm; font-size: 11pt; font-family: Calibri, sans-serif;\"><\/div>\n<\/div>\n<div style=\"caret-color: #000000; color: #000000; font-family: LucidaGrande; font-size: 14px; text-size-adjust: auto;\">\n<div style=\"margin: 0cm; font-size: 11pt; font-family: Calibri, sans-serif;\">\n<div style=\"text-size-adjust: auto; margin: 0cm; font-size: 11pt;\"><span style=\"color: #5f6263; font-family: 'Source Sans Pro', -apple-system, system-ui, 'Segoe UI', Roboto, Oxygen-Sans, Ubuntu, Cantarell, 'Helvetica Neue', sans-serif; font-size: 18px; background-color: #ffffff;\">Sind Sie pers\u00f6nlich an einem SALTO-Schal interessiert?<\/span><\/div>\n<div style=\"text-size-adjust: auto; margin: 0cm; font-size: 11pt;\"><span style=\"color: #5f6263; font-family: 'Source Sans Pro', -apple-system, system-ui, 'Segoe UI', Roboto, Oxygen-Sans, Ubuntu, Cantarell, 'Helvetica Neue', sans-serif; font-size: 18px; background-color: #ffffff;\">Fragen Sie in Ihrem Lieblingsladen nach Schals von SALTO.<\/span><\/div>\n<div style=\"text-size-adjust: auto; margin: 0cm; font-size: 11pt;\"><span style=\"color: #5f6263; font-family: 'Source Sans Pro', -apple-system, system-ui, 'Segoe UI', Roboto, Oxygen-Sans, Ubuntu, Cantarell, 'Helvetica Neue', sans-serif; font-size: 18px; background-color: #ffffff;\">Oder wir schauen nach, welches Gesch\u00e4ft in Ihrer N\u00e4he SALTO im Sortiment f\u00fchrt.<\/span><\/div>\n<div style=\"text-size-adjust: auto; margin: 0cm; font-size: 11pt;\"><\/div>\n<div style=\"text-size-adjust: auto; margin: 0cm; font-size: 11pt;\"><span style=\"color: #5f6263; font-family: 'Source Sans Pro', -apple-system, system-ui, 'Segoe UI', Roboto, Oxygen-Sans, Ubuntu, Cantarell, 'Helvetica Neue', sans-serif; font-size: 18px; background-color: #ffffff;\">Nehmen Sie\u00a0 <\/span><a style=\"font-size: 18px; background-color: #ffffff; font-family: 'Source Sans Pro', -apple-system, system-ui, 'Segoe UI', Roboto, Oxygen-Sans, Ubuntu, Cantarell, 'Helvetica Neue', sans-serif;\" href=\"mailto:info@salto-mode.de\" target=\"_blank\" rel=\"noopener\">Contact<\/a><span style=\"color: #5f6263; font-family: 'Source Sans Pro', -apple-system, system-ui, 'Segoe UI', Roboto, Oxygen-Sans, Ubuntu, Cantarell, 'Helvetica Neue', sans-serif; font-size: 18px; background-color: #ffffff;\">\u00a0auf oder rufen Sie uns an: 030 \/ 6170 94 94<\/span><\/div>\n<\/div>\n<\/div>\n<\/div><\/div><\/div><\/div><div class = \"tatsu-column-bg-image-wrap\"><div class = \"tatsu-column-bg-image\" ><\/div><\/div><div class=\"tatsu-overlay tatsu-column-overlay tatsu-animate-none\" ><\/div><\/div><style>.tatsu-row > .tatsu-BJucW2Ax6.tatsu-column{width: 100%;}.tatsu-BJucW2Ax6.tatsu-column > .tatsu-column-inner > .tatsu-column-overlay{mix-blend-mode: normal;}.tatsu-BJucW2Ax6 > .tatsu-column-inner > .tatsu-top-divider{z-index: 9999;}.tatsu-BJucW2Ax6 > .tatsu-column-inner > .tatsu-bottom-divider{z-index: 9999;}.tatsu-BJucW2Ax6 > .tatsu-column-inner > .tatsu-left-divider{z-index: 9999;}.tatsu-BJucW2Ax6 > .tatsu-column-inner > .tatsu-right-divider{z-index: 9999;}@media only screen and (max-width:1377px) {.tatsu-row > .tatsu-BJucW2Ax6.tatsu-column{width: 100%;}}@media only screen and (min-width:768px) and (max-width: 1024px) {.tatsu-row > .tatsu-BJucW2Ax6.tatsu-column{width: 100%;}}@media only screen and (max-width: 767px) {.tatsu-row > .tatsu-BJucW2Ax6.tatsu-column{width: 100%;}}<\/style><\/div><\/div><\/div><\/div><div class=\"tatsu-section-background-wrap\"><div class = \"tatsu-section-background\" ><\/div><\/div><div class=\"tatsu-overlay tatsu-section-overlay\"><\/div><style>.tatsu-SJZd9-30x6 .tatsu-section-pad{padding: 37px 0px 90px 0px;}.tatsu-SJZd9-30x6 .tatsu-section-offset-wrap{transform: translateY(-0px);}.tatsu-SJZd9-30x6 > .tatsu-bottom-divider{z-index: 9999;}.tatsu-SJZd9-30x6 > .tatsu-top-divider{z-index: 9999;}.tatsu-SJZd9-30x6 .tatsu-section-overlay{mix-blend-mode: normal;}<\/style><\/div>","protected":false},"excerpt":{"rendered":"<p><a href=\"https:\/\/www.salto-mode.de\/en\/\" class=\"more-link style1-button\">Read More<\/a><\/p>","protected":false},"author":577,"featured_media":0,"parent":0,"menu_order":0,"comment_status":"closed","ping_status":"closed","template":"","meta":[],"acf":[],"yoast_head":"<!-- This site is optimized with the Yoast SEO plugin v20.12 - https:\/\/yoast.com\/wordpress\/plugins\/seo\/ -->\n<title>Home - SALTO<\/title>\n<meta name=\"description\" content=\"SALTO \u2013 Das kreative Label f\u00fcr Schals und T\u00fccher aus hochwertigen Naturmaterialien. Nachhaltig. Ausdrucksstarke Designs. Lieferant\" \/>\n<meta name=\"robots\" content=\"index, follow, max-snippet:-1, max-image-preview:large, max-video-preview:-1\" \/>\n<link rel=\"canonical\" href=\"https:\/\/www.salto-mode.de\/en\/\" \/>\n<meta property=\"og:locale\" content=\"en_US\" \/>\n<meta property=\"og:type\" content=\"article\" \/>\n<meta property=\"og:title\" content=\"Home - SALTO\" \/>\n<meta property=\"og:description\" content=\"SALTO \u2013 Das kreative Label f\u00fcr Schals und T\u00fccher aus hochwertigen Naturmaterialien. Nachhaltig. Ausdrucksstarke Designs. Lieferant\" \/>\n<meta property=\"og:url\" content=\"https:\/\/www.salto-mode.de\/en\/\" \/>\n<meta property=\"og:site_name\" content=\"SALTO\" \/>\n<meta property=\"article:modified_time\" content=\"2026-02-06T12:08:44+00:00\" \/>\n<meta name=\"twitter:card\" content=\"summary_large_image\" \/>\n<meta name=\"twitter:label1\" content=\"Est. reading time\" \/>\n\t<meta name=\"twitter:data1\" content=\"9 minutes\" \/>\n<script type=\"application\/ld+json\" class=\"yoast-schema-graph\">{\"@context\":\"https:\/\/schema.org\",\"@graph\":[{\"@type\":\"WebPage\",\"@id\":\"https:\/\/www.salto-mode.de\/\",\"url\":\"https:\/\/www.salto-mode.de\/\",\"name\":\"Home - SALTO\",\"isPartOf\":{\"@id\":\"https:\/\/www.salto-mode.de\/#website\"},\"datePublished\":\"2016-05-14T10:52:40+00:00\",\"dateModified\":\"2026-02-06T12:08:44+00:00\",\"description\":\"SALTO \u2013 Das kreative Label f\u00fcr Schals und T\u00fccher aus hochwertigen Naturmaterialien. Nachhaltig. Ausdrucksstarke Designs. Lieferant\",\"breadcrumb\":{\"@id\":\"https:\/\/www.salto-mode.de\/#breadcrumb\"},\"inLanguage\":\"en-US\",\"potentialAction\":[{\"@type\":\"ReadAction\",\"target\":[\"https:\/\/www.salto-mode.de\/\"]}]},{\"@type\":\"BreadcrumbList\",\"@id\":\"https:\/\/www.salto-mode.de\/#breadcrumb\",\"itemListElement\":[{\"@type\":\"ListItem\",\"position\":1,\"name\":\"Startseite\",\"item\":\"https:\/\/www.salto-mode.de\/\"},{\"@type\":\"ListItem\",\"position\":2,\"name\":\"Home\"}]},{\"@type\":\"WebSite\",\"@id\":\"https:\/\/www.salto-mode.de\/#website\",\"url\":\"https:\/\/www.salto-mode.de\/\",\"name\":\"SALTO\",\"description\":\"nat\u00fcrlich feine Schals\",\"potentialAction\":[{\"@type\":\"SearchAction\",\"target\":{\"@type\":\"EntryPoint\",\"urlTemplate\":\"https:\/\/www.salto-mode.de\/?s={search_term_string}\"},\"query-input\":\"required name=search_term_string\"}],\"inLanguage\":\"en-US\"}]}<\/script>\n<!-- \/ Yoast SEO plugin. -->","yoast_head_json":{"title":"Home - SALTO","description":"SALTO \u2013 Das kreative Label f\u00fcr Schals und T\u00fccher aus hochwertigen Naturmaterialien. Nachhaltig. Ausdrucksstarke Designs. Lieferant","robots":{"index":"index","follow":"follow","max-snippet":"max-snippet:-1","max-image-preview":"max-image-preview:large","max-video-preview":"max-video-preview:-1"},"canonical":"https:\/\/www.salto-mode.de\/en\/","og_locale":"en_US","og_type":"article","og_title":"Home - SALTO","og_description":"SALTO \u2013 Das kreative Label f\u00fcr Schals und T\u00fccher aus hochwertigen Naturmaterialien. Nachhaltig. Ausdrucksstarke Designs. Lieferant","og_url":"https:\/\/www.salto-mode.de\/en\/","og_site_name":"SALTO","article_modified_time":"2026-02-06T12:08:44+00:00","twitter_card":"summary_large_image","twitter_misc":{"Est. reading time":"9 minutes"},"schema":{"@context":"https:\/\/schema.org","@graph":[{"@type":"WebPage","@id":"https:\/\/www.salto-mode.de\/","url":"https:\/\/www.salto-mode.de\/","name":"Home - SALTO","isPartOf":{"@id":"https:\/\/www.salto-mode.de\/#website"},"datePublished":"2016-05-14T10:52:40+00:00","dateModified":"2026-02-06T12:08:44+00:00","description":"SALTO \u2013 Das kreative Label f\u00fcr Schals und T\u00fccher aus hochwertigen Naturmaterialien. Nachhaltig. Ausdrucksstarke Designs. Lieferant","breadcrumb":{"@id":"https:\/\/www.salto-mode.de\/#breadcrumb"},"inLanguage":"en-US","potentialAction":[{"@type":"ReadAction","target":["https:\/\/www.salto-mode.de\/"]}]},{"@type":"BreadcrumbList","@id":"https:\/\/www.salto-mode.de\/#breadcrumb","itemListElement":[{"@type":"ListItem","position":1,"name":"Startseite","item":"https:\/\/www.salto-mode.de\/"},{"@type":"ListItem","position":2,"name":"Home"}]},{"@type":"WebSite","@id":"https:\/\/www.salto-mode.de\/#website","url":"https:\/\/www.salto-mode.de\/","name":"SALTO","description":"nat\u00fcrlich feine Schals","potentialAction":[{"@type":"SearchAction","target":{"@type":"EntryPoint","urlTemplate":"https:\/\/www.salto-mode.de\/?s={search_term_string}"},"query-input":"required name=search_term_string"}],"inLanguage":"en-US"}]}},"_links":{"self":[{"href":"https:\/\/www.salto-mode.de\/en\/wp-json\/wp\/v2\/pages\/14"}],"collection":[{"href":"https:\/\/www.salto-mode.de\/en\/wp-json\/wp\/v2\/pages"}],"about":[{"href":"https:\/\/www.salto-mode.de\/en\/wp-json\/wp\/v2\/types\/page"}],"author":[{"embeddable":true,"href":"https:\/\/www.salto-mode.de\/en\/wp-json\/wp\/v2\/users\/577"}],"replies":[{"embeddable":true,"href":"https:\/\/www.salto-mode.de\/en\/wp-json\/wp\/v2\/comments?post=14"}],"version-history":[{"count":93,"href":"https:\/\/www.salto-mode.de\/en\/wp-json\/wp\/v2\/pages\/14\/revisions"}],"predecessor-version":[{"id":8784,"href":"https:\/\/www.salto-mode.de\/en\/wp-json\/wp\/v2\/pages\/14\/revisions\/8784"}],"wp:attachment":[{"href":"https:\/\/www.salto-mode.de\/en\/wp-json\/wp\/v2\/media?parent=14"}],"curies":[{"name":"wp","href":"https:\/\/api.w.org\/{rel}","templated":true}]}}