{"id":2886,"date":"2022-01-02T12:58:13","date_gmt":"2022-01-02T11:58:13","guid":{"rendered":"https:\/\/www.salto-mode.de\/?page_id=2886"},"modified":"2026-01-10T11:50:39","modified_gmt":"2026-01-10T10:50:39","slug":"messen","status":"publish","type":"page","link":"https:\/\/www.salto-mode.de\/en\/messen\/","title":{"rendered":"Fairs"},"content":{"rendered":"<div  class=\"tatsu-g7d6vsunmi2q795q tatsu-section    tatsu-clearfix\" data-title=\"\"  data-headerscheme=\"background--dark\"><div class='tatsu-section-pad clearfix' data-padding='{\"d\":\"90px 0% 230px 0%\",\"m\":\"90px 0% 90px 0%\",\"t\":\"90px 0% 90px 0%\"}' data-padding-top='90px'><div class=\"tatsu-row-wrap  tatsu-wrap tatsu-row-has-one-half tatsu-row-has-two-cols tatsu-medium-gutter tatsu-reg-cols  tatsu-clearfix tatsu-g7d6vsunouatd7qt\" ><div  class=\"tatsu-row\" ><div  class=\"tatsu-column  tatsu-column-no-bg tatsu-one-half tatsu-column-image-none tatsu-column-effect-none  tatsu-g7d6vsunr1dr4jux\"  data-parallax-speed=\"0\" style=\"\"><div class=\"tatsu-column-inner\" ><div class=\"tatsu-column-pad-wrap\"><div class=\"tatsu-column-pad\" ><div  class=\"tatsu-module tatsu-text-block-wrap tatsu-g7d6vsunt43obyit\"><div class=\"tatsu-text-inner tatsu-align-center  clearfix\" ><style>.tatsu-g7d6vsunt43obyit.tatsu-text-block-wrap .tatsu-text-inner{text-align: left;}<\/style>\n<p>Messen im 1. Halbjahr 2026<\/p>\n<p><strong>Fairs<\/strong><\/p>\n<p class=\"p1\"><span class=\"s1\">04. \u2013 06.01.26\u00a0 |\u00a0 <b>TRENDSET\u00a0 <\/b>|\u00a0 M\u00fcnchen\u00a0 |\u00a0 Halle A2, C27<\/span><\/p>\n<p class=\"p1\"><span class=\"s1\">10. \u2013 12.01.26\u00a0 |\u00a0 <b>NORDSTIL\u00a0 <\/b>|\u00a0 Hamburg\u00a0 |\u00a0 Halle A1.0, G81<\/span><\/p>\n<p class=\"p1\"><span class=\"s1\">17. \u2013 19.01.26\u00a0 |\u00a0 <b>INNATEX\u00a0 <\/b>|\u00a0 Wallau\/Frankfurt\u00a0 |\u00a0 OG 143<\/span><\/p>\n<p class=\"p1\"><span class=\"s1\">24. \u2013 26.01.26\u00a0 |\u00a0 <b>TWODAYS\u00a0 <\/b>|\u00a0 D\u00fcsseldorf\u00a0 |\u00a0 Halle29, Empore 2.B08<span class=\"Apple-converted-space\">\u00a0<\/span><\/span><\/p>\n<p class=\"p1\"><span class=\"s1\">22.\/23.02.26\u00a0 |\u00a0 <b>INNATEX Showroom\u00a0 <\/b>|\u00a0 Bern \u00a0|\u00a0 BERNEXPO<\/span><\/p>\n<\/div><\/div><\/div><\/div><div class = \"tatsu-column-bg-image-wrap\"><div class = \"tatsu-column-bg-image\" ><\/div><\/div><\/div><style>.tatsu-row > .tatsu-g7d6vsunr1dr4jux.tatsu-column{width: 50%;}.tatsu-g7d6vsunr1dr4jux.tatsu-column > .tatsu-column-inner > .tatsu-column-overlay{mix-blend-mode: none;}.tatsu-g7d6vsunr1dr4jux > .tatsu-column-inner > .tatsu-top-divider{z-index: 9999;}.tatsu-g7d6vsunr1dr4jux > .tatsu-column-inner > .tatsu-bottom-divider{z-index: 9999;}.tatsu-g7d6vsunr1dr4jux > .tatsu-column-inner > .tatsu-left-divider{z-index: 9999;}.tatsu-g7d6vsunr1dr4jux > .tatsu-column-inner > .tatsu-right-divider{z-index: 9999;}@media only screen and (max-width: 767px) {.tatsu-row > .tatsu-g7d6vsunr1dr4jux.tatsu-column{width: 100%;}}<\/style><\/div><div  class=\"tatsu-column  tatsu-column-no-bg tatsu-one-half tatsu-column-image-none tatsu-column-effect-none  tatsu-g7d6vsupvofq99r2\"  data-parallax-speed=\"0\" style=\"\"><div class=\"tatsu-column-inner\" ><div class=\"tatsu-column-pad-wrap\"><div class=\"tatsu-column-pad\" ><div  class=\"tatsu-module tatsu-text-block-wrap tatsu-ByA27Dmnt\"><div class=\"tatsu-text-inner tatsu-align-center  clearfix\" ><style>.tatsu-ByA27Dmnt.tatsu-text-block-wrap .tatsu-text-inner{width: 100%;text-align: left;}<\/style>\n<p>\u00a0<\/p>\n<div class=\"\">\u00a0<\/div>\n<div>\u00a0<\/div>\n<\/div><\/div><\/div><\/div><div class = \"tatsu-column-bg-image-wrap\"><div class = \"tatsu-column-bg-image\" ><\/div><\/div><\/div><style>.tatsu-row > .tatsu-g7d6vsupvofq99r2.tatsu-column{width: 50%;}.tatsu-g7d6vsupvofq99r2.tatsu-column > .tatsu-column-inner > .tatsu-column-overlay{mix-blend-mode: none;}.tatsu-g7d6vsupvofq99r2 > .tatsu-column-inner > .tatsu-top-divider{z-index: 9999;}.tatsu-g7d6vsupvofq99r2 > .tatsu-column-inner > .tatsu-bottom-divider{z-index: 9999;}.tatsu-g7d6vsupvofq99r2 > .tatsu-column-inner > .tatsu-left-divider{z-index: 9999;}.tatsu-g7d6vsupvofq99r2 > .tatsu-column-inner > .tatsu-right-divider{z-index: 9999;}@media only screen and (max-width: 767px) {.tatsu-row > .tatsu-g7d6vsupvofq99r2.tatsu-column{width: 100%;}}<\/style><\/div><\/div><\/div><\/div><div class=\"tatsu-section-background-wrap\"><div class = \"tatsu-section-background\" ><\/div><\/div><style>.tatsu-g7d6vsunmi2q795q .tatsu-section-pad{padding: 90px 0% 230px 0%;}.tatsu-g7d6vsunmi2q795q > .tatsu-bottom-divider{z-index: 9999;}.tatsu-g7d6vsunmi2q795q > .tatsu-top-divider{z-index: 9999;}@media only screen and (min-width:768px) and (max-width: 1024px) {.tatsu-g7d6vsunmi2q795q .tatsu-section-pad{padding: 90px 0% 90px 0%;}}@media only screen and (max-width: 767px) {.tatsu-g7d6vsunmi2q795q .tatsu-section-pad{padding: 90px 0% 90px 0%;}}<\/style><\/div>","protected":false},"excerpt":{"rendered":"<p><a href=\"https:\/\/www.salto-mode.de\/en\/messen\/\" class=\"more-link style1-button\">Read More<\/a><\/p>","protected":false},"author":2,"featured_media":0,"parent":0,"menu_order":9,"comment_status":"closed","ping_status":"closed","template":"","meta":[],"acf":[],"yoast_head":"<!-- This site is optimized with the Yoast SEO plugin v20.12 - https:\/\/yoast.com\/wordpress\/plugins\/seo\/ -->\n<title>Messen - SALTO<\/title>\n<meta name=\"description\" content=\"SALTO auf diesen Mode- und Konsumg\u00fctermessen, f\u00fcr Gro\u00dfhandel und andere Wiederverk\u00e4ufer,\" \/>\n<meta name=\"robots\" content=\"index, follow, max-snippet:-1, max-image-preview:large, max-video-preview:-1\" \/>\n<link rel=\"canonical\" href=\"https:\/\/www.salto-mode.de\/en\/messen\/\" \/>\n<meta property=\"og:locale\" content=\"en_US\" \/>\n<meta property=\"og:type\" content=\"article\" \/>\n<meta property=\"og:title\" content=\"Messen - SALTO\" \/>\n<meta property=\"og:description\" content=\"SALTO auf diesen Mode- und Konsumg\u00fctermessen, f\u00fcr Gro\u00dfhandel und andere Wiederverk\u00e4ufer,\" \/>\n<meta property=\"og:url\" content=\"https:\/\/www.salto-mode.de\/en\/messen\/\" \/>\n<meta property=\"og:site_name\" content=\"SALTO\" \/>\n<meta property=\"article:modified_time\" content=\"2026-01-10T10:50:39+00:00\" \/>\n<meta name=\"twitter:card\" content=\"summary_large_image\" \/>\n<meta name=\"twitter:label1\" content=\"Est. reading time\" \/>\n\t<meta name=\"twitter:data1\" content=\"4 minutes\" \/>\n<script type=\"application\/ld+json\" class=\"yoast-schema-graph\">{\"@context\":\"https:\/\/schema.org\",\"@graph\":[{\"@type\":\"WebPage\",\"@id\":\"https:\/\/www.salto-mode.de\/messen\/\",\"url\":\"https:\/\/www.salto-mode.de\/messen\/\",\"name\":\"Messen - SALTO\",\"isPartOf\":{\"@id\":\"https:\/\/www.salto-mode.de\/#website\"},\"datePublished\":\"2022-01-02T11:58:13+00:00\",\"dateModified\":\"2026-01-10T10:50:39+00:00\",\"description\":\"SALTO auf diesen Mode- und Konsumg\u00fctermessen, f\u00fcr Gro\u00dfhandel und andere Wiederverk\u00e4ufer,\",\"breadcrumb\":{\"@id\":\"https:\/\/www.salto-mode.de\/messen\/#breadcrumb\"},\"inLanguage\":\"en-US\",\"potentialAction\":[{\"@type\":\"ReadAction\",\"target\":[\"https:\/\/www.salto-mode.de\/messen\/\"]}]},{\"@type\":\"BreadcrumbList\",\"@id\":\"https:\/\/www.salto-mode.de\/messen\/#breadcrumb\",\"itemListElement\":[{\"@type\":\"ListItem\",\"position\":1,\"name\":\"Startseite\",\"item\":\"https:\/\/www.salto-mode.de\/\"},{\"@type\":\"ListItem\",\"position\":2,\"name\":\"Messen\"}]},{\"@type\":\"WebSite\",\"@id\":\"https:\/\/www.salto-mode.de\/#website\",\"url\":\"https:\/\/www.salto-mode.de\/\",\"name\":\"SALTO\",\"description\":\"nat\u00fcrlich feine Schals\",\"potentialAction\":[{\"@type\":\"SearchAction\",\"target\":{\"@type\":\"EntryPoint\",\"urlTemplate\":\"https:\/\/www.salto-mode.de\/?s={search_term_string}\"},\"query-input\":\"required name=search_term_string\"}],\"inLanguage\":\"en-US\"}]}<\/script>\n<!-- \/ Yoast SEO plugin. -->","yoast_head_json":{"title":"Messen - SALTO","description":"SALTO auf diesen Mode- und Konsumg\u00fctermessen, f\u00fcr Gro\u00dfhandel und andere Wiederverk\u00e4ufer,","robots":{"index":"index","follow":"follow","max-snippet":"max-snippet:-1","max-image-preview":"max-image-preview:large","max-video-preview":"max-video-preview:-1"},"canonical":"https:\/\/www.salto-mode.de\/en\/messen\/","og_locale":"en_US","og_type":"article","og_title":"Messen - SALTO","og_description":"SALTO auf diesen Mode- und Konsumg\u00fctermessen, f\u00fcr Gro\u00dfhandel und andere Wiederverk\u00e4ufer,","og_url":"https:\/\/www.salto-mode.de\/en\/messen\/","og_site_name":"SALTO","article_modified_time":"2026-01-10T10:50:39+00:00","twitter_card":"summary_large_image","twitter_misc":{"Est. reading time":"4 minutes"},"schema":{"@context":"https:\/\/schema.org","@graph":[{"@type":"WebPage","@id":"https:\/\/www.salto-mode.de\/messen\/","url":"https:\/\/www.salto-mode.de\/messen\/","name":"Messen - SALTO","isPartOf":{"@id":"https:\/\/www.salto-mode.de\/#website"},"datePublished":"2022-01-02T11:58:13+00:00","dateModified":"2026-01-10T10:50:39+00:00","description":"SALTO auf diesen Mode- und Konsumg\u00fctermessen, f\u00fcr Gro\u00dfhandel und andere Wiederverk\u00e4ufer,","breadcrumb":{"@id":"https:\/\/www.salto-mode.de\/messen\/#breadcrumb"},"inLanguage":"en-US","potentialAction":[{"@type":"ReadAction","target":["https:\/\/www.salto-mode.de\/messen\/"]}]},{"@type":"BreadcrumbList","@id":"https:\/\/www.salto-mode.de\/messen\/#breadcrumb","itemListElement":[{"@type":"ListItem","position":1,"name":"Startseite","item":"https:\/\/www.salto-mode.de\/"},{"@type":"ListItem","position":2,"name":"Messen"}]},{"@type":"WebSite","@id":"https:\/\/www.salto-mode.de\/#website","url":"https:\/\/www.salto-mode.de\/","name":"SALTO","description":"nat\u00fcrlich feine Schals","potentialAction":[{"@type":"SearchAction","target":{"@type":"EntryPoint","urlTemplate":"https:\/\/www.salto-mode.de\/?s={search_term_string}"},"query-input":"required name=search_term_string"}],"inLanguage":"en-US"}]}},"_links":{"self":[{"href":"https:\/\/www.salto-mode.de\/en\/wp-json\/wp\/v2\/pages\/2886"}],"collection":[{"href":"https:\/\/www.salto-mode.de\/en\/wp-json\/wp\/v2\/pages"}],"about":[{"href":"https:\/\/www.salto-mode.de\/en\/wp-json\/wp\/v2\/types\/page"}],"author":[{"embeddable":true,"href":"https:\/\/www.salto-mode.de\/en\/wp-json\/wp\/v2\/users\/2"}],"replies":[{"embeddable":true,"href":"https:\/\/www.salto-mode.de\/en\/wp-json\/wp\/v2\/comments?post=2886"}],"version-history":[{"count":77,"href":"https:\/\/www.salto-mode.de\/en\/wp-json\/wp\/v2\/pages\/2886\/revisions"}],"predecessor-version":[{"id":8607,"href":"https:\/\/www.salto-mode.de\/en\/wp-json\/wp\/v2\/pages\/2886\/revisions\/8607"}],"wp:attachment":[{"href":"https:\/\/www.salto-mode.de\/en\/wp-json\/wp\/v2\/media?parent=2886"}],"curies":[{"name":"wp","href":"https:\/\/api.w.org\/{rel}","templated":true}]}}