{"id":31,"date":"2016-05-18T10:21:52","date_gmt":"2016-05-18T08:21:52","guid":{"rendered":"http:\/\/www.salto-mode.de\/NEWSITE\/?page_id=31"},"modified":"2022-06-23T14:47:29","modified_gmt":"2022-06-23T12:47:29","slug":"agbs","status":"publish","type":"page","link":"https:\/\/www.salto-mode.de\/en\/agbs\/","title":{"rendered":"GTC's"},"content":{"rendered":"<div  class=\"tatsu-h3iff78p077a3yym tatsu-section  tatsu-bg-overlay   tatsu-clearfix\" data-title=\"\"  data-headerscheme=\"background--dark\"><div class='tatsu-section-pad clearfix' data-padding='{\"d\":\"91px 0px 90px 0px\"}' data-padding-top='91px'><div class=\"tatsu-row-wrap  tatsu-wrap tatsu-row-one-col tatsu-row-has-one-cols tatsu-medium-gutter tatsu-reg-cols  tatsu-clearfix tatsu-rJgmdgkfcq\" ><div  class=\"tatsu-row\" ><div  class=\"tatsu-column  tatsu-bg-overlay tatsu-one-col tatsu-column-image-none tatsu-column-effect-none  tatsu-ByX_e1z9c\"  data-parallax-speed=\"0\" style=\"\"><div class=\"tatsu-column-inner\" ><div class=\"tatsu-column-pad-wrap\"><div class=\"tatsu-column-pad\" ><div  class=\"tatsu-module tatsu-text-block-wrap tatsu-r1YKlJfc5\"><div class=\"tatsu-text-inner tatsu-align-center  clearfix\" ><style>.tatsu-r1YKlJfc5.tatsu-text-block-wrap .tatsu-text-inner{width: 100%;text-align: left;}<\/style>\n<h2>ALLGEMEINE GESCH\u00c4FTSBEDINGUNGEN<\/h2>\n<\/div><\/div><\/div><\/div><div class = \"tatsu-column-bg-image-wrap\"><div class = \"tatsu-column-bg-image\" ><\/div><\/div><div class=\"tatsu-overlay tatsu-column-overlay tatsu-animate-none\" ><\/div><\/div><style>.tatsu-row > .tatsu-ByX_e1z9c.tatsu-column{width: 100%;}.tatsu-ByX_e1z9c.tatsu-column > .tatsu-column-inner > .tatsu-column-overlay{mix-blend-mode: normal;}.tatsu-ByX_e1z9c > .tatsu-column-inner > .tatsu-top-divider{z-index: 9999;}.tatsu-ByX_e1z9c > .tatsu-column-inner > .tatsu-bottom-divider{z-index: 9999;}.tatsu-ByX_e1z9c > .tatsu-column-inner > .tatsu-left-divider{z-index: 9999;}.tatsu-ByX_e1z9c > .tatsu-column-inner > .tatsu-right-divider{z-index: 9999;}@media only screen and (max-width:1377px) {.tatsu-row > .tatsu-ByX_e1z9c.tatsu-column{width: 100%;}}@media only screen and (min-width:768px) and (max-width: 1024px) {.tatsu-row > .tatsu-ByX_e1z9c.tatsu-column{width: 100%;}}@media only screen and (max-width: 767px) {.tatsu-row > .tatsu-ByX_e1z9c.tatsu-column{width: 100%;}}<\/style><\/div><\/div><\/div><div class=\"tatsu-row-wrap  tatsu-wrap tatsu-row-has-one-half tatsu-row-has-two-cols tatsu-medium-gutter tatsu-reg-cols  tatsu-clearfix tatsu-h3iff78p2efbb16b\" ><div  class=\"tatsu-row\" ><div  class=\"tatsu-column  tatsu-bg-overlay tatsu-one-half tatsu-column-image-none tatsu-column-effect-none  tatsu-ryirIAZ55\"  data-parallax-speed=\"0\" style=\"\"><div class=\"tatsu-column-inner\" ><div class=\"tatsu-column-pad-wrap\"><div class=\"tatsu-column-pad\" ><div  class=\"tatsu-module tatsu-text-block-wrap tatsu-h3iff78p6uasn69u\"><div class=\"tatsu-text-inner tatsu-align-center  clearfix\" ><style>.tatsu-h3iff78p6uasn69u.tatsu-text-block-wrap .tatsu-text-inner{width: 100%;text-align: left;}<\/style>\n<p>1. Lieferungen und Leistungen<br \/>Die Lieferungen, Leistungen und Angebote der Firma SALTO, Inh. Thomas Schuberth, erfolgen ausschlie\u00dflich aufgrund dieser Gesch\u00e4ftsbedingungen.<br \/>Abweichungen von diesen Gesch\u00e4ftsbedingung sind nur wirksam, wenn wir diese schriftlich best\u00e4tigen.<\/p>\n<p>2. Angebot und Vertragsschluss<br \/>Unsere Angebote erfolgen freibleibend und unverbindlich. S\u00e4mtliche an uns erteilten Auftr\u00e4ge bed\u00fcrfen zu ihrer Wirksamkeit einer schriftlichen Best\u00e4tigung.<\/p>\n<p>3. Preise<br \/>Alle Preise sind Nettopreise zzgl. der gesetzlichen Mehrwertsteuer bei Inlandsverk\u00e4ufen.<br \/>Weiterhin entsteht eine Versandkostenpauschale in H\u00f6he von \u20ac 7,90 netto.<\/p>\n<p>4. Gewerblicher Weiterverkauf<br \/>Unsere Angebote richten sich ausschlie\u00dflich an gewerbliche Wiederverk\u00e4ufer.<\/p>\n<p>5. Lieferzeit<br \/>Liefertermine sind unverbindlich und bed\u00fcrfen f\u00fcr ihre Wirksamkeit unserer schriftlichen Best\u00e4tigung. Lieferer- und Leistungsst\u00f6rungen aufgrund h\u00f6herer Gewalt sowie aufgrund von Ereignissen, die uns die Lieferung wesentlich erschweren oder unm\u00f6glich machen (insbesondere Streik, Aussperrung, Krieg, Beh\u00f6rdliche Anordnung, Bezugs- und Beschaffungsschwierigkeiten usw.), auch wenn sie bei Lieferanten von uns oder deren Unterlieferanten eintreten, haben wir auch bei verbindlich vereinbarten Fristen und Terminen nicht zu vertreten. Sie berechtigen uns, ganz oder teilweise von dem Vertrag zur\u00fcckzutreten oder aber die Lieferzeit um die Dauer der Behinderung zuz\u00fcglich einer angemessenen Anlaufzeit zu verl\u00e4ngern.<\/p>\n<p>6. Reklamationen<br \/>Der K\u00e4ufer hat uns M\u00e4ngel unverz\u00fcglich, sp\u00e4testens jedoch innerhalb einer Woche nach Eingang des Liefergegenstandes mitzuteilen. M\u00e4ngel, die auch nach sorgf\u00e4ltigster Pr\u00fcfung innerhalb dieser Frist nicht entdeckt werden k\u00f6nnen, sind dem Verk\u00e4ufer unverz\u00fcglich nach Entdeckung mitzuteilen.<br \/>Handels\u00fcbliche Abweichungen beim Ausfall der Ware, wie Farbe, T\u00f6nung, Sortierung usw. k\u00f6nnen nicht als M\u00e4ngel angesehen werden. Alle angegebenen Gr\u00f6\u00dfen sind Circa-Ma\u00dfangaben. F\u00fcr Sachsch\u00e4den, die durch schlechte Lagerung oder auf dem Versandweg entstehen, \u00fcbernehmen wir keine Haftung.<br \/>Bei etwaigen R\u00fccksendungen behalten wir uns vor, Ersatz zu liefern oder eine Gutschrift zur Verrechnung zu erteilen.<\/p>\n<\/div><\/div><\/div><\/div><div class = \"tatsu-column-bg-image-wrap\"><div class = \"tatsu-column-bg-image\" ><\/div><\/div><div class=\"tatsu-overlay tatsu-column-overlay tatsu-animate-none\" ><\/div><\/div><style>.tatsu-row > .tatsu-ryirIAZ55.tatsu-column{width: 50%;}.tatsu-ryirIAZ55.tatsu-column > .tatsu-column-inner > .tatsu-column-overlay{mix-blend-mode: normal;}.tatsu-ryirIAZ55 > .tatsu-column-inner > .tatsu-top-divider{z-index: 9999;}.tatsu-ryirIAZ55 > .tatsu-column-inner > .tatsu-bottom-divider{z-index: 9999;}.tatsu-ryirIAZ55 > .tatsu-column-inner > .tatsu-left-divider{z-index: 9999;}.tatsu-ryirIAZ55 > .tatsu-column-inner > .tatsu-right-divider{z-index: 9999;}@media only screen and (max-width:1377px) {.tatsu-row > .tatsu-ryirIAZ55.tatsu-column{width: 50%;}}@media only screen and (min-width:768px) and (max-width: 1024px) {.tatsu-row > .tatsu-ryirIAZ55.tatsu-column{width: 50%;}}@media only screen and (max-width: 767px) {.tatsu-row > .tatsu-ryirIAZ55.tatsu-column{width: 100%;}}<\/style><\/div><div  class=\"tatsu-column  tatsu-bg-overlay tatsu-one-half tatsu-column-image-none tatsu-column-effect-none  tatsu-BkxsSUAZq5\"  data-parallax-speed=\"0\" style=\"\"><div class=\"tatsu-column-inner\" ><div class=\"tatsu-column-pad-wrap\"><div class=\"tatsu-column-pad\" ><div  class=\"tatsu-module tatsu-text-block-wrap tatsu-h3iff78pxx6x8aff\"><div class=\"tatsu-text-inner tatsu-align-center tatsu-animate clearfix\" data-animation=\"fadeIn\"  ><style>.tatsu-h3iff78pxx6x8aff.tatsu-text-block-wrap .tatsu-text-inner{text-align: left;}<\/style>\n<p>7. Aufrechnung<br \/>Die Aufrechnung steht dem Kunden nur zu, wenn seine Gegenanspr\u00fcche rechtskr\u00e4ftig festgestellt, unbestritten oder von uns anerkannt sind.<\/p>\n<p>8. Eigentumsvorbehalt<br \/>Bis zur vollst\u00e4ndigen Bezahlung des Kaufpreises bleibt die gelieferte Ware unser Eigentum. Verpf\u00e4ndung oder Sicherungs\u00fcbereignungen sind unzul\u00e4ssig. Bei Zahlungen per Scheck erheben wir eine Bearbeitungsgeb\u00fchr von \u20ac 5,00 per Scheck.<\/p>\n<p>9. Haftung<br \/>Unsere Haftung richtet sich ausschlie\u00dflich nach den vorstehenden Abschnitten genannten Vereinbarungen.<\/p>\n<p>10. Anwendbares Recht, Erf\u00fcllungsort, Gerichtsstand<br \/>F\u00fcr diese Gesch\u00e4ftsbedingungen und die gesamten Rechtsbeziehungen zwischen uns und K\u00e4ufer wird das Recht der Bundesrepublik Deutschland vereinbart.<br \/>Als Erf\u00fcllungsort s\u00e4mtlicher Verbindlichkeiten, sowohl des K\u00e4ufers als auch der Firma SALTO, ist Berlin-Kreuzberg vereinbart. Berlin-Kreuzberg ist der Gerichtsstand f\u00fcr alle sich aus dem Vertragsverh\u00e4ltnis unmittelbar oder mittelbar ergebenen Streitigkeiten.<\/p>\n<p>11. Teilnichtigkeit<br \/>Sollte eine Bestimmung in diesen Gesch\u00e4ftsbedingungen oder eine Bestimmung im Rahmen sonstiger Vereinbarungen unwirksam sein oder werden, so wird hiervon die Wirksamkeit aller sonstigen Bestimmungen oder Vereinbarungen nicht ber\u00fchrt.<\/p>\n<p>SALTO, Thomas Schuberth<\/p>\n<\/div><\/div><\/div><\/div><div class = \"tatsu-column-bg-image-wrap\"><div class = \"tatsu-column-bg-image\" ><\/div><\/div><div class=\"tatsu-overlay tatsu-column-overlay tatsu-animate-none\" ><\/div><\/div><style>.tatsu-row > .tatsu-BkxsSUAZq5.tatsu-column{width: 50%;}.tatsu-BkxsSUAZq5.tatsu-column > .tatsu-column-inner > .tatsu-column-overlay{mix-blend-mode: normal;}.tatsu-BkxsSUAZq5 > .tatsu-column-inner > .tatsu-top-divider{z-index: 9999;}.tatsu-BkxsSUAZq5 > .tatsu-column-inner > .tatsu-bottom-divider{z-index: 9999;}.tatsu-BkxsSUAZq5 > .tatsu-column-inner > .tatsu-left-divider{z-index: 9999;}.tatsu-BkxsSUAZq5 > .tatsu-column-inner > .tatsu-right-divider{z-index: 9999;}@media only screen and (max-width:1377px) {.tatsu-row > .tatsu-BkxsSUAZq5.tatsu-column{width: 50%;}}@media only screen and (min-width:768px) and (max-width: 1024px) {.tatsu-row > .tatsu-BkxsSUAZq5.tatsu-column{width: 50%;}}@media only screen and (max-width: 767px) {.tatsu-row > .tatsu-BkxsSUAZq5.tatsu-column{width: 100%;}}<\/style><\/div><\/div><\/div><\/div><div class=\"tatsu-section-background-wrap\"><div class = \"tatsu-section-background\" ><\/div><\/div><div class=\"tatsu-overlay tatsu-section-overlay\"><\/div><style>.tatsu-h3iff78p077a3yym .tatsu-section-pad{padding: 91px 0px 90px 0px;}.tatsu-h3iff78p077a3yym > .tatsu-bottom-divider{z-index: 9999;}.tatsu-h3iff78p077a3yym > .tatsu-top-divider{z-index: 9999;}.tatsu-h3iff78p077a3yym .tatsu-section-overlay{mix-blend-mode: normal;}<\/style><\/div>","protected":false},"excerpt":{"rendered":"<p><a href=\"https:\/\/www.salto-mode.de\/en\/agbs\/\" class=\"more-link style1-button\">Read More<\/a><\/p>","protected":false},"author":577,"featured_media":0,"parent":0,"menu_order":11,"comment_status":"closed","ping_status":"closed","template":"","meta":[],"acf":[],"yoast_head":"<!-- This site is optimized with the Yoast SEO plugin v20.12 - https:\/\/yoast.com\/wordpress\/plugins\/seo\/ -->\n<title>AGB\u2019s - SALTO<\/title>\n<meta name=\"robots\" content=\"index, follow, max-snippet:-1, max-image-preview:large, max-video-preview:-1\" \/>\n<link rel=\"canonical\" href=\"https:\/\/www.salto-mode.de\/en\/agbs\/\" \/>\n<meta property=\"og:locale\" content=\"en_US\" \/>\n<meta property=\"og:type\" content=\"article\" \/>\n<meta property=\"og:title\" content=\"AGB\u2019s - SALTO\" \/>\n<meta property=\"og:url\" content=\"https:\/\/www.salto-mode.de\/en\/agbs\/\" \/>\n<meta property=\"og:site_name\" content=\"SALTO\" \/>\n<meta property=\"article:modified_time\" content=\"2022-06-23T12:47:29+00:00\" \/>\n<meta name=\"twitter:card\" content=\"summary_large_image\" \/>\n<meta name=\"twitter:label1\" content=\"Est. reading time\" \/>\n\t<meta name=\"twitter:data1\" content=\"9 minutes\" \/>\n<script type=\"application\/ld+json\" class=\"yoast-schema-graph\">{\"@context\":\"https:\/\/schema.org\",\"@graph\":[{\"@type\":\"WebPage\",\"@id\":\"https:\/\/www.salto-mode.de\/agbs\/\",\"url\":\"https:\/\/www.salto-mode.de\/agbs\/\",\"name\":\"AGB\u2019s - SALTO\",\"isPartOf\":{\"@id\":\"https:\/\/www.salto-mode.de\/#website\"},\"datePublished\":\"2016-05-18T08:21:52+00:00\",\"dateModified\":\"2022-06-23T12:47:29+00:00\",\"breadcrumb\":{\"@id\":\"https:\/\/www.salto-mode.de\/agbs\/#breadcrumb\"},\"inLanguage\":\"en-US\",\"potentialAction\":[{\"@type\":\"ReadAction\",\"target\":[\"https:\/\/www.salto-mode.de\/agbs\/\"]}]},{\"@type\":\"BreadcrumbList\",\"@id\":\"https:\/\/www.salto-mode.de\/agbs\/#breadcrumb\",\"itemListElement\":[{\"@type\":\"ListItem\",\"position\":1,\"name\":\"Startseite\",\"item\":\"https:\/\/www.salto-mode.de\/\"},{\"@type\":\"ListItem\",\"position\":2,\"name\":\"AGB\u2019s\"}]},{\"@type\":\"WebSite\",\"@id\":\"https:\/\/www.salto-mode.de\/#website\",\"url\":\"https:\/\/www.salto-mode.de\/\",\"name\":\"SALTO\",\"description\":\"nat\u00fcrlich feine Schals\",\"potentialAction\":[{\"@type\":\"SearchAction\",\"target\":{\"@type\":\"EntryPoint\",\"urlTemplate\":\"https:\/\/www.salto-mode.de\/?s={search_term_string}\"},\"query-input\":\"required name=search_term_string\"}],\"inLanguage\":\"en-US\"}]}<\/script>\n<!-- \/ Yoast SEO plugin. -->","yoast_head_json":{"title":"AGB\u2019s - SALTO","robots":{"index":"index","follow":"follow","max-snippet":"max-snippet:-1","max-image-preview":"max-image-preview:large","max-video-preview":"max-video-preview:-1"},"canonical":"https:\/\/www.salto-mode.de\/en\/agbs\/","og_locale":"en_US","og_type":"article","og_title":"AGB\u2019s - SALTO","og_url":"https:\/\/www.salto-mode.de\/en\/agbs\/","og_site_name":"SALTO","article_modified_time":"2022-06-23T12:47:29+00:00","twitter_card":"summary_large_image","twitter_misc":{"Est. reading time":"9 minutes"},"schema":{"@context":"https:\/\/schema.org","@graph":[{"@type":"WebPage","@id":"https:\/\/www.salto-mode.de\/agbs\/","url":"https:\/\/www.salto-mode.de\/agbs\/","name":"AGB\u2019s - SALTO","isPartOf":{"@id":"https:\/\/www.salto-mode.de\/#website"},"datePublished":"2016-05-18T08:21:52+00:00","dateModified":"2022-06-23T12:47:29+00:00","breadcrumb":{"@id":"https:\/\/www.salto-mode.de\/agbs\/#breadcrumb"},"inLanguage":"en-US","potentialAction":[{"@type":"ReadAction","target":["https:\/\/www.salto-mode.de\/agbs\/"]}]},{"@type":"BreadcrumbList","@id":"https:\/\/www.salto-mode.de\/agbs\/#breadcrumb","itemListElement":[{"@type":"ListItem","position":1,"name":"Startseite","item":"https:\/\/www.salto-mode.de\/"},{"@type":"ListItem","position":2,"name":"AGB\u2019s"}]},{"@type":"WebSite","@id":"https:\/\/www.salto-mode.de\/#website","url":"https:\/\/www.salto-mode.de\/","name":"SALTO","description":"nat\u00fcrlich feine Schals","potentialAction":[{"@type":"SearchAction","target":{"@type":"EntryPoint","urlTemplate":"https:\/\/www.salto-mode.de\/?s={search_term_string}"},"query-input":"required name=search_term_string"}],"inLanguage":"en-US"}]}},"_links":{"self":[{"href":"https:\/\/www.salto-mode.de\/en\/wp-json\/wp\/v2\/pages\/31"}],"collection":[{"href":"https:\/\/www.salto-mode.de\/en\/wp-json\/wp\/v2\/pages"}],"about":[{"href":"https:\/\/www.salto-mode.de\/en\/wp-json\/wp\/v2\/types\/page"}],"author":[{"embeddable":true,"href":"https:\/\/www.salto-mode.de\/en\/wp-json\/wp\/v2\/users\/577"}],"replies":[{"embeddable":true,"href":"https:\/\/www.salto-mode.de\/en\/wp-json\/wp\/v2\/comments?post=31"}],"version-history":[{"count":7,"href":"https:\/\/www.salto-mode.de\/en\/wp-json\/wp\/v2\/pages\/31\/revisions"}],"predecessor-version":[{"id":3389,"href":"https:\/\/www.salto-mode.de\/en\/wp-json\/wp\/v2\/pages\/31\/revisions\/3389"}],"wp:attachment":[{"href":"https:\/\/www.salto-mode.de\/en\/wp-json\/wp\/v2\/media?parent=31"}],"curies":[{"name":"wp","href":"https:\/\/api.w.org\/{rel}","templated":true}]}}