{"id":34,"date":"2016-05-18T11:35:11","date_gmt":"2016-05-18T09:35:11","guid":{"rendered":"http:\/\/www.salto-mode.de\/NEWSITE\/?page_id=34"},"modified":"2025-06-10T12:13:03","modified_gmt":"2025-06-10T10:13:03","slug":"fuer-haendler","status":"publish","type":"page","link":"https:\/\/www.salto-mode.de\/en\/fuer-haendler\/","title":{"rendered":"F\u00fcr H\u00e4ndler"},"content":{"rendered":"<div  class=\"tatsu-fzvulo6f5o7qyqpg tatsu-section    tatsu-clearfix\" data-title=\"\"  data-headerscheme=\"background--dark\"><div class='tatsu-section-pad clearfix' data-padding='{\"d\":\"90px 0% 90px 0%\"}' data-padding-top='90px'><div class=\"tatsu-row-wrap  tatsu-wrap tatsu-row-has-one-half tatsu-row-has-two-cols tatsu-medium-gutter tatsu-reg-cols  tatsu-clearfix tatsu-fzvulo6f7zdbg2pz\" ><div  class=\"tatsu-row\" ><div  class=\"tatsu-column  tatsu-column-no-bg tatsu-one-half tatsu-column-image-none tatsu-column-effect-none  tatsu-fzvulo6f9rav358t\"  data-parallax-speed=\"0\" style=\"\"><div class=\"tatsu-column-inner\" ><div class=\"tatsu-column-pad-wrap\"><div class=\"tatsu-column-pad\" ><div  class=\"tatsu-module tatsu-text-block-wrap tatsu-fzvulo6fbo84953w\"><div class=\"tatsu-text-inner tatsu-align-center  clearfix\" ><style>.tatsu-fzvulo6fbo84953w.tatsu-text-block-wrap .tatsu-text-inner{text-align: left;}<\/style>\n<h2>Dear retail partners,<\/h2>\n<div>\n<div>\n<div>bei SALTO finden Einzelh\u00e4ndler und Wiederverk\u00e4ufer modische Designs sowie einen zuverl\u00e4ssigen Gro\u00dfh\u00e4ndler und kompetenten Lieferanten f\u00fcr edle Schals und T\u00fccher.<\/div>\n<div>\u00a0<\/div>\n<div>Wir beliefern Modeh\u00e4user, Boutiquen, Conceptstores und Fachgesch\u00e4fte f\u00fcr Naturmode. Und andere Arten von Gesch\u00e4ften mit einem Faible f\u00fcr feine Schals und T\u00fccher.<\/div>\n<\/div>\n<\/div>\n<div>\n<div>\u00a0<\/div>\n<\/div>\n<div>\n<div>Ihre Vorteile:<\/div>\n<div>\u00a0<\/div>\n<\/div>\n<div>\n<ul>\n<li>2 Vororder-Kollektionen im Jahr mit interessanten Konditionen.<\/li>\n<li>Aktuelle Schals und T\u00fccher ab Lager, beste Nachlieferoptionen.<\/li>\n<li>Easy-Order im <a href=\"https:\/\/www.salto-mode.de\/en\/mein-konto\/\">SALTO B2B-Online-Shop<\/a>.<\/li>\n<li>Gerne versenden wir eine Auswahl nach Ihren W\u00fcnschen.<\/li>\n<li>Regelm\u00e4\u00dfige Pr\u00e4senz auf Fachhandelsmessen.<\/li>\n<li>Wir sind pers\u00f6nlich f\u00fcr Sie da !<\/li>\n<\/ul>\n<\/div>\n<\/div><\/div><\/div><\/div><div class = \"tatsu-column-bg-image-wrap\"><div class = \"tatsu-column-bg-image\" ><\/div><\/div><\/div><style>.tatsu-row > .tatsu-fzvulo6f9rav358t.tatsu-column{width: 50%;}.tatsu-fzvulo6f9rav358t.tatsu-column > .tatsu-column-inner > .tatsu-column-overlay{mix-blend-mode: none;}.tatsu-fzvulo6f9rav358t > .tatsu-column-inner > .tatsu-top-divider{z-index: 9999;}.tatsu-fzvulo6f9rav358t > .tatsu-column-inner > .tatsu-bottom-divider{z-index: 9999;}.tatsu-fzvulo6f9rav358t > .tatsu-column-inner > .tatsu-left-divider{z-index: 9999;}.tatsu-fzvulo6f9rav358t > .tatsu-column-inner > .tatsu-right-divider{z-index: 9999;}@media only screen and (max-width: 767px) {.tatsu-row > .tatsu-fzvulo6f9rav358t.tatsu-column{width: 100%;}}<\/style><\/div><div  class=\"tatsu-column  tatsu-column-no-bg tatsu-one-half tatsu-column-image-none tatsu-column-effect-none  tatsu-fzvulo6hbc1f6g3\"  data-parallax-speed=\"0\" style=\"\"><div class=\"tatsu-column-inner\" ><div class=\"tatsu-column-pad-wrap\"><div class=\"tatsu-column-pad\" ><div  class=\"tatsu-module tatsu-text-block-wrap tatsu-BJj4EN26t\"><div class=\"tatsu-text-inner tatsu-align-center  clearfix\" ><style>.tatsu-BJj4EN26t.tatsu-text-block-wrap .tatsu-text-inner{text-align: left;}<\/style>\n<p class=\"p1\">Im <a href=\"https:\/\/www.salto-mode.de\/en\/haendler-shop\/\">SALTO-B2B-Shop<\/a> entdecken Sie unsere aktuelle Herbstkollektion und vieles mehr.<\/p>\n<p class=\"p1\">F\u00fcr Ihre erste Bestellung im Shop erhalten Sie 10% Rabatt!<\/p>\n<p>Die <span style=\"color: #b30909;\">Vororderkollektion f\u00fcr Sommer 26<\/span>\u00a0sehen sie in den Showrooms und auf den <a href=\"https:\/\/www.salto-mode.de\/en\/messen\/\">Fairs<\/a>.<\/p>\n<p>Auch eine Zoom Pr\u00e4sentation ist m\u00f6glich.<br \/><a href=\"mailto: info@salto-mode.de\">Vereinbaren Sie einen Termin.<\/a><br \/>Orderschluss ist der 15.09.25<\/p>\n<p>Nehmen Sie\u00a0\u00a0<a href=\"mailto:info@salto-mode.de\" target=\"_blank\" rel=\"noopener\">Contact<\/a>\u00a0auf oder rufen Sie uns an: 030 \/ 6170 94 94<\/p>\n<\/div><\/div><div  class=\"tatsu-module tatsu-text-block-wrap tatsu-fzvulo6hdd5ikzbz\"><div class=\"tatsu-text-inner tatsu-align-center  clearfix\" ><style>.tatsu-fzvulo6hdd5ikzbz.tatsu-text-block-wrap .tatsu-text-inner{text-align: left;}<\/style><\/div><\/div><\/div><\/div><div class = \"tatsu-column-bg-image-wrap\"><div class = \"tatsu-column-bg-image\" ><\/div><\/div><\/div><style>.tatsu-row > .tatsu-fzvulo6hbc1f6g3.tatsu-column{width: 50%;}.tatsu-fzvulo6hbc1f6g3.tatsu-column > .tatsu-column-inner > .tatsu-column-overlay{mix-blend-mode: none;}.tatsu-fzvulo6hbc1f6g3 > .tatsu-column-inner > .tatsu-top-divider{z-index: 9999;}.tatsu-fzvulo6hbc1f6g3 > .tatsu-column-inner > .tatsu-bottom-divider{z-index: 9999;}.tatsu-fzvulo6hbc1f6g3 > .tatsu-column-inner > .tatsu-left-divider{z-index: 9999;}.tatsu-fzvulo6hbc1f6g3 > .tatsu-column-inner > .tatsu-right-divider{z-index: 9999;}@media only screen and (max-width: 767px) {.tatsu-row > .tatsu-fzvulo6hbc1f6g3.tatsu-column{width: 100%;}}<\/style><\/div><\/div><\/div><div class=\"tatsu-row-wrap  tatsu-wrap tatsu-row-has-one-half tatsu-row-has-two-cols tatsu-medium-gutter tatsu-reg-cols  tatsu-clearfix tatsu-fzvulo6ht3a8z4v5\" ><div  class=\"tatsu-row\" ><div  class=\"tatsu-column  tatsu-column-no-bg tatsu-one-half tatsu-column-image-none tatsu-column-effect-none  tatsu-fzvulo6huw49f3cz\"  data-parallax-speed=\"0\" style=\"\"><div class=\"tatsu-column-inner\" ><div class=\"tatsu-column-pad-wrap\"><div class=\"tatsu-column-pad\" ><div  class=\"tatsu-module tatsu-text-block-wrap tatsu-fzvulo6hwheq1yq1\"><div class=\"tatsu-text-inner tatsu-align-center  clearfix\" ><style>.tatsu-fzvulo6hwheq1yq1.tatsu-text-block-wrap .tatsu-text-inner{text-align: left;}<\/style><\/div><\/div><\/div><\/div><div class = \"tatsu-column-bg-image-wrap\"><div class = \"tatsu-column-bg-image\" ><\/div><\/div><\/div><style>.tatsu-row > .tatsu-fzvulo6huw49f3cz.tatsu-column{width: 50%;}.tatsu-fzvulo6huw49f3cz.tatsu-column > .tatsu-column-inner > .tatsu-column-overlay{mix-blend-mode: none;}.tatsu-fzvulo6huw49f3cz > .tatsu-column-inner > .tatsu-top-divider{z-index: 9999;}.tatsu-fzvulo6huw49f3cz > .tatsu-column-inner > .tatsu-bottom-divider{z-index: 9999;}.tatsu-fzvulo6huw49f3cz > .tatsu-column-inner > .tatsu-left-divider{z-index: 9999;}.tatsu-fzvulo6huw49f3cz > .tatsu-column-inner > .tatsu-right-divider{z-index: 9999;}@media only screen and (max-width: 767px) {.tatsu-row > .tatsu-fzvulo6huw49f3cz.tatsu-column{width: 100%;}}<\/style><\/div><div  class=\"tatsu-column  tatsu-column-no-bg tatsu-column-empty tatsu-one-half tatsu-column-image-none tatsu-column-effect-none  tatsu-fzvulo6i8w1mjayx\"  data-parallax-speed=\"0\" style=\"\"><div class=\"tatsu-column-inner\" ><div class=\"tatsu-column-pad-wrap\"><div class=\"tatsu-column-pad\" ><\/div><\/div><div class = \"tatsu-column-bg-image-wrap\"><div class = \"tatsu-column-bg-image\" ><\/div><\/div><\/div><style>.tatsu-row > .tatsu-fzvulo6i8w1mjayx.tatsu-column{width: 50%;}.tatsu-fzvulo6i8w1mjayx.tatsu-column > .tatsu-column-inner > .tatsu-column-overlay{mix-blend-mode: none;}.tatsu-fzvulo6i8w1mjayx > .tatsu-column-inner > .tatsu-top-divider{z-index: 9999;}.tatsu-fzvulo6i8w1mjayx > .tatsu-column-inner > .tatsu-bottom-divider{z-index: 9999;}.tatsu-fzvulo6i8w1mjayx > .tatsu-column-inner > .tatsu-left-divider{z-index: 9999;}.tatsu-fzvulo6i8w1mjayx > .tatsu-column-inner > .tatsu-right-divider{z-index: 9999;}@media only screen and (max-width: 767px) {.tatsu-row > .tatsu-fzvulo6i8w1mjayx.tatsu-column{width: 100%;}}<\/style><\/div><\/div><\/div><\/div><div class=\"tatsu-section-background-wrap\"><div class = \"tatsu-section-background\" ><\/div><\/div><style>.tatsu-fzvulo6f5o7qyqpg .tatsu-section-pad{padding: 90px 0% 90px 0%;}.tatsu-fzvulo6f5o7qyqpg > .tatsu-bottom-divider{z-index: 9999;}.tatsu-fzvulo6f5o7qyqpg > .tatsu-top-divider{z-index: 9999;}<\/style><\/div>","protected":false},"excerpt":{"rendered":"<p><a href=\"https:\/\/www.salto-mode.de\/en\/fuer-haendler\/\" class=\"more-link style1-button\">Read More<\/a><\/p>","protected":false},"author":577,"featured_media":0,"parent":0,"menu_order":7,"comment_status":"closed","ping_status":"closed","template":"","meta":[],"acf":[],"yoast_head":"<!-- This site is optimized with the Yoast SEO plugin v20.12 - https:\/\/yoast.com\/wordpress\/plugins\/seo\/ -->\n<title>F\u00fcr H\u00e4ndler - SALTO<\/title>\n<meta name=\"description\" content=\"Gro\u00dfhandel f\u00fcr edle Schals und T\u00fccher. Fachhandelspartner f\u00fcr Wiederverk\u00e4ufer. Aktuelle Schals und T\u00fccher ab Lager, beste Nachlieferoptionen.\" \/>\n<meta name=\"robots\" content=\"index, follow, max-snippet:-1, max-image-preview:large, max-video-preview:-1\" \/>\n<link rel=\"canonical\" href=\"https:\/\/www.salto-mode.de\/en\/fuer-haendler\/\" \/>\n<meta property=\"og:locale\" content=\"en_US\" \/>\n<meta property=\"og:type\" content=\"article\" \/>\n<meta property=\"og:title\" content=\"F\u00fcr H\u00e4ndler - SALTO\" \/>\n<meta property=\"og:description\" content=\"Gro\u00dfhandel f\u00fcr edle Schals und T\u00fccher. Fachhandelspartner f\u00fcr Wiederverk\u00e4ufer. Aktuelle Schals und T\u00fccher ab Lager, beste Nachlieferoptionen.\" \/>\n<meta property=\"og:url\" content=\"https:\/\/www.salto-mode.de\/en\/fuer-haendler\/\" \/>\n<meta property=\"og:site_name\" content=\"SALTO\" \/>\n<meta property=\"article:modified_time\" content=\"2025-06-10T10:13:03+00:00\" \/>\n<meta name=\"twitter:card\" content=\"summary_large_image\" \/>\n<meta name=\"twitter:label1\" content=\"Est. reading time\" \/>\n\t<meta name=\"twitter:data1\" content=\"6 minutes\" \/>\n<script type=\"application\/ld+json\" class=\"yoast-schema-graph\">{\"@context\":\"https:\/\/schema.org\",\"@graph\":[{\"@type\":\"WebPage\",\"@id\":\"https:\/\/www.salto-mode.de\/fuer-haendler\/\",\"url\":\"https:\/\/www.salto-mode.de\/fuer-haendler\/\",\"name\":\"F\u00fcr H\u00e4ndler - SALTO\",\"isPartOf\":{\"@id\":\"https:\/\/www.salto-mode.de\/#website\"},\"datePublished\":\"2016-05-18T09:35:11+00:00\",\"dateModified\":\"2025-06-10T10:13:03+00:00\",\"description\":\"Gro\u00dfhandel f\u00fcr edle Schals und T\u00fccher. Fachhandelspartner f\u00fcr Wiederverk\u00e4ufer. Aktuelle Schals und T\u00fccher ab Lager, beste Nachlieferoptionen.\",\"breadcrumb\":{\"@id\":\"https:\/\/www.salto-mode.de\/fuer-haendler\/#breadcrumb\"},\"inLanguage\":\"en-US\",\"potentialAction\":[{\"@type\":\"ReadAction\",\"target\":[\"https:\/\/www.salto-mode.de\/fuer-haendler\/\"]}]},{\"@type\":\"BreadcrumbList\",\"@id\":\"https:\/\/www.salto-mode.de\/fuer-haendler\/#breadcrumb\",\"itemListElement\":[{\"@type\":\"ListItem\",\"position\":1,\"name\":\"Startseite\",\"item\":\"https:\/\/www.salto-mode.de\/\"},{\"@type\":\"ListItem\",\"position\":2,\"name\":\"F\u00fcr H\u00e4ndler\"}]},{\"@type\":\"WebSite\",\"@id\":\"https:\/\/www.salto-mode.de\/#website\",\"url\":\"https:\/\/www.salto-mode.de\/\",\"name\":\"SALTO\",\"description\":\"nat\u00fcrlich feine Schals\",\"potentialAction\":[{\"@type\":\"SearchAction\",\"target\":{\"@type\":\"EntryPoint\",\"urlTemplate\":\"https:\/\/www.salto-mode.de\/?s={search_term_string}\"},\"query-input\":\"required name=search_term_string\"}],\"inLanguage\":\"en-US\"}]}<\/script>\n<!-- \/ Yoast SEO plugin. -->","yoast_head_json":{"title":"F\u00fcr H\u00e4ndler - SALTO","description":"Gro\u00dfhandel f\u00fcr edle Schals und T\u00fccher. Fachhandelspartner f\u00fcr Wiederverk\u00e4ufer. Aktuelle Schals und T\u00fccher ab Lager, beste Nachlieferoptionen.","robots":{"index":"index","follow":"follow","max-snippet":"max-snippet:-1","max-image-preview":"max-image-preview:large","max-video-preview":"max-video-preview:-1"},"canonical":"https:\/\/www.salto-mode.de\/en\/fuer-haendler\/","og_locale":"en_US","og_type":"article","og_title":"F\u00fcr H\u00e4ndler - SALTO","og_description":"Gro\u00dfhandel f\u00fcr edle Schals und T\u00fccher. Fachhandelspartner f\u00fcr Wiederverk\u00e4ufer. Aktuelle Schals und T\u00fccher ab Lager, beste Nachlieferoptionen.","og_url":"https:\/\/www.salto-mode.de\/en\/fuer-haendler\/","og_site_name":"SALTO","article_modified_time":"2025-06-10T10:13:03+00:00","twitter_card":"summary_large_image","twitter_misc":{"Est. reading time":"6 minutes"},"schema":{"@context":"https:\/\/schema.org","@graph":[{"@type":"WebPage","@id":"https:\/\/www.salto-mode.de\/fuer-haendler\/","url":"https:\/\/www.salto-mode.de\/fuer-haendler\/","name":"F\u00fcr H\u00e4ndler - SALTO","isPartOf":{"@id":"https:\/\/www.salto-mode.de\/#website"},"datePublished":"2016-05-18T09:35:11+00:00","dateModified":"2025-06-10T10:13:03+00:00","description":"Gro\u00dfhandel f\u00fcr edle Schals und T\u00fccher. Fachhandelspartner f\u00fcr Wiederverk\u00e4ufer. Aktuelle Schals und T\u00fccher ab Lager, beste Nachlieferoptionen.","breadcrumb":{"@id":"https:\/\/www.salto-mode.de\/fuer-haendler\/#breadcrumb"},"inLanguage":"en-US","potentialAction":[{"@type":"ReadAction","target":["https:\/\/www.salto-mode.de\/fuer-haendler\/"]}]},{"@type":"BreadcrumbList","@id":"https:\/\/www.salto-mode.de\/fuer-haendler\/#breadcrumb","itemListElement":[{"@type":"ListItem","position":1,"name":"Startseite","item":"https:\/\/www.salto-mode.de\/"},{"@type":"ListItem","position":2,"name":"F\u00fcr H\u00e4ndler"}]},{"@type":"WebSite","@id":"https:\/\/www.salto-mode.de\/#website","url":"https:\/\/www.salto-mode.de\/","name":"SALTO","description":"nat\u00fcrlich feine Schals","potentialAction":[{"@type":"SearchAction","target":{"@type":"EntryPoint","urlTemplate":"https:\/\/www.salto-mode.de\/?s={search_term_string}"},"query-input":"required name=search_term_string"}],"inLanguage":"en-US"}]}},"_links":{"self":[{"href":"https:\/\/www.salto-mode.de\/en\/wp-json\/wp\/v2\/pages\/34"}],"collection":[{"href":"https:\/\/www.salto-mode.de\/en\/wp-json\/wp\/v2\/pages"}],"about":[{"href":"https:\/\/www.salto-mode.de\/en\/wp-json\/wp\/v2\/types\/page"}],"author":[{"embeddable":true,"href":"https:\/\/www.salto-mode.de\/en\/wp-json\/wp\/v2\/users\/577"}],"replies":[{"embeddable":true,"href":"https:\/\/www.salto-mode.de\/en\/wp-json\/wp\/v2\/comments?post=34"}],"version-history":[{"count":51,"href":"https:\/\/www.salto-mode.de\/en\/wp-json\/wp\/v2\/pages\/34\/revisions"}],"predecessor-version":[{"id":7828,"href":"https:\/\/www.salto-mode.de\/en\/wp-json\/wp\/v2\/pages\/34\/revisions\/7828"}],"wp:attachment":[{"href":"https:\/\/www.salto-mode.de\/en\/wp-json\/wp\/v2\/media?parent=34"}],"curies":[{"name":"wp","href":"https:\/\/api.w.org\/{rel}","templated":true}]}}