{"id":91,"date":"2016-05-25T12:54:00","date_gmt":"2016-05-25T10:54:00","guid":{"rendered":"http:\/\/www.salto-mode.de\/NEWSITE\/?page_id=91"},"modified":"2022-08-24T10:40:26","modified_gmt":"2022-08-24T08:40:26","slug":"materialien","status":"publish","type":"page","link":"https:\/\/www.salto-mode.de\/en\/materialien\/","title":{"rendered":"Materialien"},"content":{"rendered":"<div  class=\"tatsu-g6vvlcswqv5bnif3 tatsu-section    tatsu-clearfix\" data-title=\"\"  data-headerscheme=\"background--light\"><div class='tatsu-section-pad clearfix' data-padding='{\"d\":\"90px 0% 90px 0%\"}' data-padding-top='90px'><div class=\"tatsu-row-wrap  tatsu-row-full-width tatsu-row-has-one-half tatsu-row-has-two-cols tatsu-zero-margin tatsu-no-gutter tatsu-eq-cols  tatsu-clearfix tatsu-g6vvlcswtzdsjrov\" ><div  class=\"tatsu-row\" ><div  class=\"tatsu-column  tatsu-one-half tatsu-column-align-middle tatsu-column-image-none tatsu-column-effect-none  tatsu-g6vvlcswwp7onnj7\"  data-parallax-speed=\"0\" style=\"\"><div class=\"tatsu-column-inner\" ><div class=\"tatsu-column-pad-wrap\"><div class=\"tatsu-column-pad\" ><div  class=\"tatsu-single-image tatsu-module tatsu-image-lazyload tatsu-Hk8xx_88r\" ><div class=\"tatsu-single-image-inner\" style=\"width : 1000px;\" ><div class = \"tatsu-single-image-padding-wrap\" style = \"padding-bottom : 66.7%;\" ><\/div><img class = \"tatsu-gradient-border\" alt = \"\" title = \"Material-Kachel-1\" data-src = \"https:\/\/www.salto-mode.de\/wp-content\/uploads\/2019\/09\/Material-Kachel-1.jpg\" src =\"data:image\/png;base64,iVBORw0KGgoAAAANSUhEUgAAAAEAAAABCAQAAAC1HAwCAAAAC0lEQVR42mNkYAAAAAYAAjCB0C8AAAAASUVORK5CYII=\"  \/><\/div><style>.tatsu-Hk8xx_88r .tatsu-single-image-inner{border-style: solid;max-width: 100%;}.tatsu-Hk8xx_88r.tatsu-single-image{transform: translate3d(0px,0px, 0);}<\/style><\/div><\/div><\/div><div class = \"tatsu-column-bg-image-wrap\"><div class = \"tatsu-column-bg-image\" ><\/div><\/div><\/div><style>.tatsu-row > .tatsu-g6vvlcswwp7onnj7.tatsu-column{width: 50%;}.tatsu-g6vvlcswwp7onnj7.tatsu-column > .tatsu-column-inner > .tatsu-column-bg-image-wrap > .tatsu-column-bg-image{background-image: url(https:\/\/i2.wp.com\/www.salto-mode.de\/wp-content\/uploads\/2016\/05\/Salto_materialien.jpg?fit=1000%2C667&amp;ssl=1);background-repeat: no-repeat;background-attachment: scroll;background-position: center center;background-size: cover;}.tatsu-g6vvlcswwp7onnj7.tatsu-column > .tatsu-column-inner > .tatsu-bg-blur{background-repeat: no-repeat;background-attachment: scroll;background-position: center center;background-size: cover;}.tatsu-g6vvlcswwp7onnj7.tatsu-column > .tatsu-column-inner > .tatsu-column-pad-wrap > .tatsu-column-pad{padding: 0% 0% 0% 0%;}.tatsu-g6vvlcswwp7onnj7.tatsu-column > .tatsu-column-inner > .tatsu-column-overlay{mix-blend-mode: none;}.tatsu-g6vvlcswwp7onnj7 > .tatsu-column-inner > .tatsu-top-divider{z-index: 9999;}.tatsu-g6vvlcswwp7onnj7 > .tatsu-column-inner > .tatsu-bottom-divider{z-index: 9999;}.tatsu-g6vvlcswwp7onnj7 > .tatsu-column-inner > .tatsu-left-divider{z-index: 9999;}.tatsu-g6vvlcswwp7onnj7 > .tatsu-column-inner > .tatsu-right-divider{z-index: 9999;}@media only screen and (max-width: 767px) {.tatsu-row > .tatsu-g6vvlcswwp7onnj7.tatsu-column{width: 100%;}}<\/style><\/div><div  class=\"tatsu-column  tatsu-column-no-bg tatsu-one-half tatsu-column-align-middle tatsu-column-image-none tatsu-column-effect-none  tatsu-g6vvlcswy7568cpr\"  data-parallax-speed=\"0\" style=\"\"><div class=\"tatsu-column-inner\" ><div class=\"tatsu-column-pad-wrap\"><div class=\"tatsu-column-pad\" ><div  class=\"tatsu-module tatsu-text-block-wrap tatsu-g6vvlcswzx3ekfjn\"><div class=\"tatsu-text-inner tatsu-align-center  clearfix\" ><style>.tatsu-g6vvlcswzx3ekfjn.tatsu-text-block-wrap .tatsu-text-inner{text-align: left;}<\/style>\n<h2>Cotton<\/h2>\n<p>Baumwolle ist eine der \u00e4ltesten Kulturpflanzen der Welt. Sie ist extrem belastbar und nimmt Feuchtigkeit sehr gut auf. Die Gewebe aus Baumwolle sind sehr weich und atmungsaktiv. Die Pflanzenfaser kann bis zu 24% ihres Eigengewichts an Feuchtigkeit aufnehmen, ohne sich feucht anzuf\u00fchlen.<\/p>\n<\/div><\/div><\/div><\/div><div class = \"tatsu-column-bg-image-wrap\"><div class = \"tatsu-column-bg-image\" ><\/div><\/div><\/div><style>.tatsu-row > .tatsu-g6vvlcswy7568cpr.tatsu-column{width: 50%;}.tatsu-g6vvlcswy7568cpr.tatsu-column > .tatsu-column-inner > .tatsu-column-pad-wrap > .tatsu-column-pad{padding: 15% 15% 25% 15%;}.tatsu-g6vvlcswy7568cpr.tatsu-column > .tatsu-column-inner > .tatsu-column-overlay{mix-blend-mode: none;}.tatsu-g6vvlcswy7568cpr > .tatsu-column-inner > .tatsu-top-divider{z-index: 9999;}.tatsu-g6vvlcswy7568cpr > .tatsu-column-inner > .tatsu-bottom-divider{z-index: 9999;}.tatsu-g6vvlcswy7568cpr > .tatsu-column-inner > .tatsu-left-divider{z-index: 9999;}.tatsu-g6vvlcswy7568cpr > .tatsu-column-inner > .tatsu-right-divider{z-index: 9999;}@media only screen and (max-width: 767px) {.tatsu-row > .tatsu-g6vvlcswy7568cpr.tatsu-column{width: 100%;}}<\/style><\/div><\/div><\/div><div class=\"tatsu-row-wrap  tatsu-row-full-width tatsu-row-has-one-half tatsu-row-has-two-cols tatsu-zero-margin tatsu-no-gutter tatsu-eq-cols  tatsu-clearfix tatsu-g6vvlcsz1t2g0dxn\" ><div  class=\"tatsu-row\" ><div  class=\"tatsu-column  tatsu-column-no-bg tatsu-one-half tatsu-column-align-middle tatsu-column-image-none tatsu-column-effect-none  tatsu-g6vvlcsz4h74jsf\"  data-parallax-speed=\"0\" style=\"\"><div class=\"tatsu-column-inner\" ><div class=\"tatsu-column-pad-wrap\"><div class=\"tatsu-column-pad\" ><div  class=\"tatsu-module tatsu-text-block-wrap tatsu-g6vvlcsz6a8ytryj\"><div class=\"tatsu-text-inner tatsu-align-center  clearfix\" ><style>.tatsu-g6vvlcsz6a8ytryj.tatsu-text-block-wrap .tatsu-text-inner{text-align: left;}<\/style>\n<h2>Linen<\/h2>\n<p><span style=\"font-size: medium;\"><span style=\"font-size: 14pt;\">Leinen besteht aus der Naturfaser Flachs, eine Faser die Leinen gleichzeitig weich und widerstandsf\u00e4hig macht. Weit \u00fcber die traditionelle Verwendung hinaus hat sich Leinen zum idealen Material f\u00fcr alle Jahreszeiten entwickelt. Ein Stoff, der \u00c4sthetik und Funktionalit\u00e4t in sich vereint. Heute steht Leinen als Synonym f\u00fcr Wellness und Nat\u00fcrlichkeit bei unkomplizierter Pflege. Durch h\u00e4ufiges Waschen gewinnt Leinen zus\u00e4tzlich an Weichheit.<\/span><br \/>\n<\/span><\/p>\n<\/div><\/div><\/div><\/div><div class = \"tatsu-column-bg-image-wrap\"><div class = \"tatsu-column-bg-image\" ><\/div><\/div><\/div><style>.tatsu-row > .tatsu-g6vvlcsz4h74jsf.tatsu-column{width: 50%;}.tatsu-g6vvlcsz4h74jsf.tatsu-column > .tatsu-column-inner > .tatsu-column-pad-wrap > .tatsu-column-pad{padding: 15% 15% 15% 15%;}.tatsu-g6vvlcsz4h74jsf.tatsu-column > .tatsu-column-inner > .tatsu-column-overlay{mix-blend-mode: none;}.tatsu-g6vvlcsz4h74jsf > .tatsu-column-inner > .tatsu-top-divider{z-index: 9999;}.tatsu-g6vvlcsz4h74jsf > .tatsu-column-inner > .tatsu-bottom-divider{z-index: 9999;}.tatsu-g6vvlcsz4h74jsf > .tatsu-column-inner > .tatsu-left-divider{z-index: 9999;}.tatsu-g6vvlcsz4h74jsf > .tatsu-column-inner > .tatsu-right-divider{z-index: 9999;}@media only screen and (max-width: 767px) {.tatsu-row > .tatsu-g6vvlcsz4h74jsf.tatsu-column{width: 100%;}}<\/style><\/div><div  class=\"tatsu-column  tatsu-one-half tatsu-column-align-middle tatsu-column-image-none tatsu-column-effect-none  tatsu-g6vvlcszjp87tzsg\"  data-parallax-speed=\"0\" style=\"\"><div class=\"tatsu-column-inner\" ><div class=\"tatsu-column-pad-wrap\"><div class=\"tatsu-column-pad\" ><div  class=\"tatsu-single-image tatsu-module tatsu-image-lazyload tatsu-B1uml_U8r\" ><div class=\"tatsu-single-image-inner\" style=\"width : 1000px;\" ><div class = \"tatsu-single-image-padding-wrap\" style = \"padding-bottom : 66.7%;\" ><\/div><img class = \"tatsu-gradient-border\" alt = \"\" title = \"Material-Kachel-2\" data-src = \"https:\/\/www.salto-mode.de\/wp-content\/uploads\/2019\/09\/Material-Kachel-2.jpg\" src =\"data:image\/png;base64,iVBORw0KGgoAAAANSUhEUgAAAAEAAAABCAQAAAC1HAwCAAAAC0lEQVR42mNkYAAAAAYAAjCB0C8AAAAASUVORK5CYII=\"  \/><\/div><style>.tatsu-B1uml_U8r .tatsu-single-image-inner{border-style: solid;max-width: 100%;}.tatsu-B1uml_U8r.tatsu-single-image{transform: translate3d(0px,0px, 0);}<\/style><\/div><\/div><\/div><div class = \"tatsu-column-bg-image-wrap\"><div class = \"tatsu-column-bg-image\" ><\/div><\/div><\/div><style>.tatsu-row > .tatsu-g6vvlcszjp87tzsg.tatsu-column{width: 50%;}.tatsu-g6vvlcszjp87tzsg.tatsu-column > .tatsu-column-inner > .tatsu-column-bg-image-wrap > .tatsu-column-bg-image{background-image: url(https:\/\/i2.wp.com\/www.salto-mode.de\/wp-content\/uploads\/2016\/05\/Salto_materialien01.jpg?fit=1000%2C667&amp;ssl=1);background-repeat: repeat;background-attachment: scroll;background-position: center center;background-size: cover;}.tatsu-g6vvlcszjp87tzsg.tatsu-column > .tatsu-column-inner > .tatsu-bg-blur{background-repeat: repeat;background-attachment: scroll;background-position: center center;background-size: cover;}.tatsu-g6vvlcszjp87tzsg.tatsu-column > .tatsu-column-inner > .tatsu-column-pad-wrap > .tatsu-column-pad{padding: 0% 0% 0% 0%;}.tatsu-g6vvlcszjp87tzsg.tatsu-column > .tatsu-column-inner > .tatsu-column-overlay{mix-blend-mode: none;}.tatsu-g6vvlcszjp87tzsg > .tatsu-column-inner > .tatsu-top-divider{z-index: 9999;}.tatsu-g6vvlcszjp87tzsg > .tatsu-column-inner > .tatsu-bottom-divider{z-index: 9999;}.tatsu-g6vvlcszjp87tzsg > .tatsu-column-inner > .tatsu-left-divider{z-index: 9999;}.tatsu-g6vvlcszjp87tzsg > .tatsu-column-inner > .tatsu-right-divider{z-index: 9999;}@media only screen and (max-width: 767px) {.tatsu-row > .tatsu-g6vvlcszjp87tzsg.tatsu-column{width: 100%;}}<\/style><\/div><\/div><\/div><div class=\"tatsu-row-wrap  tatsu-row-full-width tatsu-row-has-one-half tatsu-row-has-two-cols tatsu-zero-margin tatsu-no-gutter tatsu-eq-cols  tatsu-clearfix tatsu-g6vvlcszkzc4mbb3\" ><div  class=\"tatsu-row\" ><div  class=\"tatsu-column  tatsu-one-half tatsu-column-align-middle tatsu-column-image-none tatsu-column-effect-none  tatsu-g6vvlcszn98sn2uw\"  data-parallax-speed=\"0\" style=\"\"><div class=\"tatsu-column-inner\" ><div class=\"tatsu-column-pad-wrap\"><div class=\"tatsu-column-pad\" ><div  class=\"tatsu-single-image tatsu-module tatsu-image-lazyload tatsu-BJdVguUIr\" ><div class=\"tatsu-single-image-inner\" style=\"width : 1000px;\" ><div class = \"tatsu-single-image-padding-wrap\" style = \"padding-bottom : 66.7%;\" ><\/div><img class = \"tatsu-gradient-border\" alt = \"\" title = \"Material-Kachel-3\" data-src = \"https:\/\/www.salto-mode.de\/wp-content\/uploads\/2019\/09\/Material-Kachel-3.jpg\" src =\"data:image\/png;base64,iVBORw0KGgoAAAANSUhEUgAAAAEAAAABCAQAAAC1HAwCAAAAC0lEQVR42mNkYAAAAAYAAjCB0C8AAAAASUVORK5CYII=\"  \/><\/div><style>.tatsu-BJdVguUIr .tatsu-single-image-inner{border-style: solid;max-width: 100%;}.tatsu-BJdVguUIr.tatsu-single-image{transform: translate3d(0px,0px, 0);}<\/style><\/div><\/div><\/div><div class = \"tatsu-column-bg-image-wrap\"><div class = \"tatsu-column-bg-image\" ><\/div><\/div><\/div><style>.tatsu-row > .tatsu-g6vvlcszn98sn2uw.tatsu-column{width: 50%;}.tatsu-g6vvlcszn98sn2uw.tatsu-column > .tatsu-column-inner > .tatsu-column-bg-image-wrap > .tatsu-column-bg-image{background-image: url(https:\/\/i1.wp.com\/www.salto-mode.de\/wp-content\/uploads\/2016\/05\/Salto_fruehjahr12.jpg?fit=1200%2C801&amp;ssl=1);background-repeat: no-repeat;background-attachment: scroll;background-position: center center;background-size: cover;}.tatsu-g6vvlcszn98sn2uw.tatsu-column > .tatsu-column-inner > .tatsu-bg-blur{background-repeat: no-repeat;background-attachment: scroll;background-position: center center;background-size: cover;}.tatsu-g6vvlcszn98sn2uw.tatsu-column > .tatsu-column-inner > .tatsu-column-pad-wrap > .tatsu-column-pad{padding: 0% 0% 0% 0%;}.tatsu-g6vvlcszn98sn2uw.tatsu-column > .tatsu-column-inner > .tatsu-column-overlay{mix-blend-mode: none;}.tatsu-g6vvlcszn98sn2uw > .tatsu-column-inner > .tatsu-top-divider{z-index: 9999;}.tatsu-g6vvlcszn98sn2uw > .tatsu-column-inner > .tatsu-bottom-divider{z-index: 9999;}.tatsu-g6vvlcszn98sn2uw > .tatsu-column-inner > .tatsu-left-divider{z-index: 9999;}.tatsu-g6vvlcszn98sn2uw > .tatsu-column-inner > .tatsu-right-divider{z-index: 9999;}@media only screen and (max-width: 767px) {.tatsu-row > .tatsu-g6vvlcszn98sn2uw.tatsu-column{width: 100%;}}<\/style><\/div><div  class=\"tatsu-column  tatsu-column-no-bg tatsu-one-half tatsu-column-align-middle tatsu-column-image-none tatsu-column-effect-none  tatsu-g6vvlcszok3gbctf\"  data-parallax-speed=\"0\" style=\"\"><div class=\"tatsu-column-inner\" ><div class=\"tatsu-column-pad-wrap\"><div class=\"tatsu-column-pad\" ><div  class=\"tatsu-module tatsu-text-block-wrap tatsu-g6vvlcszq9cmg2ye\"><div class=\"tatsu-text-inner tatsu-align-center  clearfix\" ><style>.tatsu-g6vvlcszq9cmg2ye.tatsu-text-block-wrap .tatsu-text-inner{text-align: left;}<\/style>\n<h2>Silk<\/h2>\n<p>Seide ist eine feine Faser, die aus den Kokons der Seidenraupe, der Larve des Seidenspinners, gewonnen wird. Sie ist die einzige in der Natur vorkommende textile Endlos-Faser und besteht haupts\u00e4chlich aus Protein. Sie kommt urspr\u00fcnglich vermutlich aus China. Neben China, wo heute noch der Hauptanteil produziert wird, sind Japan und Indien weitere wichtige Erzeugerl\u00e4nder, in denen der Seidenbau betrieben wird.<\/p>\n<\/div><\/div><\/div><\/div><div class = \"tatsu-column-bg-image-wrap\"><div class = \"tatsu-column-bg-image\" ><\/div><\/div><\/div><style>.tatsu-row > .tatsu-g6vvlcszok3gbctf.tatsu-column{width: 50%;}.tatsu-g6vvlcszok3gbctf.tatsu-column > .tatsu-column-inner > .tatsu-column-pad-wrap > .tatsu-column-pad{padding: 15% 15% 25% 15%;}.tatsu-g6vvlcszok3gbctf.tatsu-column > .tatsu-column-inner > .tatsu-column-overlay{mix-blend-mode: none;}.tatsu-g6vvlcszok3gbctf > .tatsu-column-inner > .tatsu-top-divider{z-index: 9999;}.tatsu-g6vvlcszok3gbctf > .tatsu-column-inner > .tatsu-bottom-divider{z-index: 9999;}.tatsu-g6vvlcszok3gbctf > .tatsu-column-inner > .tatsu-left-divider{z-index: 9999;}.tatsu-g6vvlcszok3gbctf > .tatsu-column-inner > .tatsu-right-divider{z-index: 9999;}@media only screen and (max-width: 767px) {.tatsu-row > .tatsu-g6vvlcszok3gbctf.tatsu-column{width: 100%;}}<\/style><\/div><\/div><\/div><div class=\"tatsu-row-wrap  tatsu-row-full-width tatsu-row-has-one-half tatsu-row-has-two-cols tatsu-zero-margin tatsu-no-gutter tatsu-eq-cols  tatsu-clearfix tatsu-g6vvlct01o54gr0s\" ><div  class=\"tatsu-row\" ><div  class=\"tatsu-column  tatsu-column-no-bg tatsu-one-half tatsu-column-align-middle tatsu-column-image-none tatsu-column-effect-none  tatsu-g6vvlct03w9dj65\"  data-parallax-speed=\"0\" style=\"\"><div class=\"tatsu-column-inner\" ><div class=\"tatsu-column-pad-wrap\"><div class=\"tatsu-column-pad\" ><div  class=\"tatsu-module tatsu-text-block-wrap tatsu-g6vvlct05mbfct15\"><div class=\"tatsu-text-inner tatsu-align-center  clearfix\" ><style>.tatsu-g6vvlct05mbfct15.tatsu-text-block-wrap .tatsu-text-inner{text-align: left;}<\/style>\n<h2>Virgin Wool<\/h2>\n<p>Schurwolle darf nur so genannt werden, wenn die Wolle von einem gesunden und lebendigem Schaf stammt. Sie ist besonders atmungsaktiv, temperaturausgleichend und hautstimulierend. Schurwolle l\u00e4dt sich nicht elektrostatisch auf und nimmt deswegen weniger Schmutzpartikel an. Sie bindet Ger\u00fcche in ihrem Faserinnern und kann bis zu einem Drittel ihres eigenen Gewichtes an Feuchtigkeit aufnehmen, ohne sich feucht anzuf\u00fchlen.<\/p>\n<\/div><\/div><\/div><\/div><div class = \"tatsu-column-bg-image-wrap\"><div class = \"tatsu-column-bg-image\" ><\/div><\/div><\/div><style>.tatsu-row > .tatsu-g6vvlct03w9dj65.tatsu-column{width: 50%;}.tatsu-g6vvlct03w9dj65.tatsu-column > .tatsu-column-inner > .tatsu-column-pad-wrap > .tatsu-column-pad{padding: 15% 15% 25% 15%;}.tatsu-g6vvlct03w9dj65.tatsu-column > .tatsu-column-inner > .tatsu-column-overlay{mix-blend-mode: none;}.tatsu-g6vvlct03w9dj65 > .tatsu-column-inner > .tatsu-top-divider{z-index: 9999;}.tatsu-g6vvlct03w9dj65 > .tatsu-column-inner > .tatsu-bottom-divider{z-index: 9999;}.tatsu-g6vvlct03w9dj65 > .tatsu-column-inner > .tatsu-left-divider{z-index: 9999;}.tatsu-g6vvlct03w9dj65 > .tatsu-column-inner > .tatsu-right-divider{z-index: 9999;}@media only screen and (max-width: 767px) {.tatsu-row > .tatsu-g6vvlct03w9dj65.tatsu-column{width: 100%;}}<\/style><\/div><div  class=\"tatsu-column  tatsu-one-half tatsu-column-align-middle tatsu-column-image-none tatsu-column-effect-none  tatsu-g6vvlct0gogappi8\"  data-parallax-speed=\"0\" style=\"\"><div class=\"tatsu-column-inner\" ><div class=\"tatsu-column-pad-wrap\"><div class=\"tatsu-column-pad\" ><div  class=\"tatsu-single-image tatsu-module tatsu-image-lazyload tatsu-HkXSe_LIS\" ><div class=\"tatsu-single-image-inner\" style=\"width : 1000px;\" ><div class = \"tatsu-single-image-padding-wrap\" style = \"padding-bottom : 66.7%;\" ><\/div><img class = \"tatsu-gradient-border\" alt = \"\" title = \"Material-Kachel-4\" data-src = \"https:\/\/www.salto-mode.de\/wp-content\/uploads\/2019\/09\/Material-Kachel-4.jpg\" src =\"data:image\/png;base64,iVBORw0KGgoAAAANSUhEUgAAAAEAAAABCAQAAAC1HAwCAAAAC0lEQVR42mNkYAAAAAYAAjCB0C8AAAAASUVORK5CYII=\"  \/><\/div><style>.tatsu-HkXSe_LIS .tatsu-single-image-inner{border-style: solid;max-width: 100%;}.tatsu-HkXSe_LIS.tatsu-single-image{transform: translate3d(0px,0px, 0);}<\/style><\/div><\/div><\/div><div class = \"tatsu-column-bg-image-wrap\"><div class = \"tatsu-column-bg-image\" ><\/div><\/div><\/div><style>.tatsu-row > .tatsu-g6vvlct0gogappi8.tatsu-column{width: 50%;}.tatsu-g6vvlct0gogappi8.tatsu-column > .tatsu-column-inner > .tatsu-column-bg-image-wrap > .tatsu-column-bg-image{background-image: url(https:\/\/i1.wp.com\/www.salto-mode.de\/wp-content\/uploads\/2016\/05\/Salto_materialien04.jpg?fit=1000%2C865&amp;ssl=1);background-repeat: no-repeat;background-attachment: scroll;background-position: center center;background-size: cover;}.tatsu-g6vvlct0gogappi8.tatsu-column > .tatsu-column-inner > .tatsu-bg-blur{background-repeat: no-repeat;background-attachment: scroll;background-position: center center;background-size: cover;}.tatsu-g6vvlct0gogappi8.tatsu-column > .tatsu-column-inner > .tatsu-column-pad-wrap > .tatsu-column-pad{padding: 0% 0% 0% 0%;}.tatsu-g6vvlct0gogappi8.tatsu-column > .tatsu-column-inner > .tatsu-column-overlay{mix-blend-mode: none;}.tatsu-g6vvlct0gogappi8 > .tatsu-column-inner > .tatsu-top-divider{z-index: 9999;}.tatsu-g6vvlct0gogappi8 > .tatsu-column-inner > .tatsu-bottom-divider{z-index: 9999;}.tatsu-g6vvlct0gogappi8 > .tatsu-column-inner > .tatsu-left-divider{z-index: 9999;}.tatsu-g6vvlct0gogappi8 > .tatsu-column-inner > .tatsu-right-divider{z-index: 9999;}@media only screen and (max-width: 767px) {.tatsu-row > .tatsu-g6vvlct0gogappi8.tatsu-column{width: 100%;}}<\/style><\/div><\/div><\/div><\/div><div class=\"tatsu-section-background-wrap\"><div class = \"tatsu-section-background\" ><\/div><\/div><style>.tatsu-g6vvlcswqv5bnif3{border-width: 0px 0px px 0px;border-style: solid;}.tatsu-g6vvlcswqv5bnif3 .tatsu-section-pad{padding: 90px 0% 90px 0%;}.tatsu-g6vvlcswqv5bnif3 > .tatsu-bottom-divider{z-index: 9999;}.tatsu-g6vvlcswqv5bnif3 > .tatsu-top-divider{z-index: 9999;}<\/style><\/div>","protected":false},"excerpt":{"rendered":"<p><a href=\"https:\/\/www.salto-mode.de\/en\/materialien\/\" class=\"more-link style1-button\">Read More<\/a><\/p>","protected":false},"author":577,"featured_media":0,"parent":0,"menu_order":5,"comment_status":"closed","ping_status":"closed","template":"","meta":[],"acf":[],"yoast_head":"<!-- This site is optimized with the Yoast SEO plugin v20.12 - https:\/\/yoast.com\/wordpress\/plugins\/seo\/ -->\n<title>Materialien - SALTO<\/title>\n<meta name=\"robots\" content=\"index, follow, max-snippet:-1, max-image-preview:large, max-video-preview:-1\" \/>\n<link rel=\"canonical\" href=\"https:\/\/www.salto-mode.de\/en\/materialien\/\" \/>\n<meta property=\"og:locale\" content=\"en_US\" \/>\n<meta property=\"og:type\" content=\"article\" \/>\n<meta property=\"og:title\" content=\"Materialien - SALTO\" \/>\n<meta property=\"og:url\" content=\"https:\/\/www.salto-mode.de\/en\/materialien\/\" \/>\n<meta property=\"og:site_name\" content=\"SALTO\" \/>\n<meta property=\"article:modified_time\" content=\"2022-08-24T08:40:26+00:00\" \/>\n<meta name=\"twitter:card\" content=\"summary_large_image\" \/>\n<meta name=\"twitter:label1\" content=\"Est. reading time\" \/>\n\t<meta name=\"twitter:data1\" content=\"12 minutes\" \/>\n<script type=\"application\/ld+json\" class=\"yoast-schema-graph\">{\"@context\":\"https:\/\/schema.org\",\"@graph\":[{\"@type\":\"WebPage\",\"@id\":\"https:\/\/www.salto-mode.de\/materialien\/\",\"url\":\"https:\/\/www.salto-mode.de\/materialien\/\",\"name\":\"Materialien - SALTO\",\"isPartOf\":{\"@id\":\"https:\/\/www.salto-mode.de\/#website\"},\"datePublished\":\"2016-05-25T10:54:00+00:00\",\"dateModified\":\"2022-08-24T08:40:26+00:00\",\"breadcrumb\":{\"@id\":\"https:\/\/www.salto-mode.de\/materialien\/#breadcrumb\"},\"inLanguage\":\"en-US\",\"potentialAction\":[{\"@type\":\"ReadAction\",\"target\":[\"https:\/\/www.salto-mode.de\/materialien\/\"]}]},{\"@type\":\"BreadcrumbList\",\"@id\":\"https:\/\/www.salto-mode.de\/materialien\/#breadcrumb\",\"itemListElement\":[{\"@type\":\"ListItem\",\"position\":1,\"name\":\"Startseite\",\"item\":\"https:\/\/www.salto-mode.de\/\"},{\"@type\":\"ListItem\",\"position\":2,\"name\":\"Materialien\"}]},{\"@type\":\"WebSite\",\"@id\":\"https:\/\/www.salto-mode.de\/#website\",\"url\":\"https:\/\/www.salto-mode.de\/\",\"name\":\"SALTO\",\"description\":\"nat\u00fcrlich feine Schals\",\"potentialAction\":[{\"@type\":\"SearchAction\",\"target\":{\"@type\":\"EntryPoint\",\"urlTemplate\":\"https:\/\/www.salto-mode.de\/?s={search_term_string}\"},\"query-input\":\"required name=search_term_string\"}],\"inLanguage\":\"en-US\"}]}<\/script>\n<!-- \/ Yoast SEO plugin. -->","yoast_head_json":{"title":"Materialien - SALTO","robots":{"index":"index","follow":"follow","max-snippet":"max-snippet:-1","max-image-preview":"max-image-preview:large","max-video-preview":"max-video-preview:-1"},"canonical":"https:\/\/www.salto-mode.de\/en\/materialien\/","og_locale":"en_US","og_type":"article","og_title":"Materialien - SALTO","og_url":"https:\/\/www.salto-mode.de\/en\/materialien\/","og_site_name":"SALTO","article_modified_time":"2022-08-24T08:40:26+00:00","twitter_card":"summary_large_image","twitter_misc":{"Est. reading time":"12 minutes"},"schema":{"@context":"https:\/\/schema.org","@graph":[{"@type":"WebPage","@id":"https:\/\/www.salto-mode.de\/materialien\/","url":"https:\/\/www.salto-mode.de\/materialien\/","name":"Materialien - SALTO","isPartOf":{"@id":"https:\/\/www.salto-mode.de\/#website"},"datePublished":"2016-05-25T10:54:00+00:00","dateModified":"2022-08-24T08:40:26+00:00","breadcrumb":{"@id":"https:\/\/www.salto-mode.de\/materialien\/#breadcrumb"},"inLanguage":"en-US","potentialAction":[{"@type":"ReadAction","target":["https:\/\/www.salto-mode.de\/materialien\/"]}]},{"@type":"BreadcrumbList","@id":"https:\/\/www.salto-mode.de\/materialien\/#breadcrumb","itemListElement":[{"@type":"ListItem","position":1,"name":"Startseite","item":"https:\/\/www.salto-mode.de\/"},{"@type":"ListItem","position":2,"name":"Materialien"}]},{"@type":"WebSite","@id":"https:\/\/www.salto-mode.de\/#website","url":"https:\/\/www.salto-mode.de\/","name":"SALTO","description":"nat\u00fcrlich feine Schals","potentialAction":[{"@type":"SearchAction","target":{"@type":"EntryPoint","urlTemplate":"https:\/\/www.salto-mode.de\/?s={search_term_string}"},"query-input":"required name=search_term_string"}],"inLanguage":"en-US"}]}},"_links":{"self":[{"href":"https:\/\/www.salto-mode.de\/en\/wp-json\/wp\/v2\/pages\/91"}],"collection":[{"href":"https:\/\/www.salto-mode.de\/en\/wp-json\/wp\/v2\/pages"}],"about":[{"href":"https:\/\/www.salto-mode.de\/en\/wp-json\/wp\/v2\/types\/page"}],"author":[{"embeddable":true,"href":"https:\/\/www.salto-mode.de\/en\/wp-json\/wp\/v2\/users\/577"}],"replies":[{"embeddable":true,"href":"https:\/\/www.salto-mode.de\/en\/wp-json\/wp\/v2\/comments?post=91"}],"version-history":[{"count":7,"href":"https:\/\/www.salto-mode.de\/en\/wp-json\/wp\/v2\/pages\/91\/revisions"}],"predecessor-version":[{"id":3679,"href":"https:\/\/www.salto-mode.de\/en\/wp-json\/wp\/v2\/pages\/91\/revisions\/3679"}],"wp:attachment":[{"href":"https:\/\/www.salto-mode.de\/en\/wp-json\/wp\/v2\/media?parent=91"}],"curies":[{"name":"wp","href":"https:\/\/api.w.org\/{rel}","templated":true}]}}